{"id":23257,"date":"2026-04-18T10:53:06","date_gmt":"2026-04-18T10:53:06","guid":{"rendered":"https:\/\/bricoluanda.com\/?post_type=product&#038;p=23257"},"modified":"2026-04-18T10:53:06","modified_gmt":"2026-04-18T10:53:06","slug":"lixadeira-orbital-gss-140-bosch","status":"publish","type":"product","link":"https:\/\/bricoluanda.com\/en\/product\/lixadeira-orbital-gss-140-bosch\/","title":{"rendered":"LIXADEIRA ORBITAL GSS 140 BOSCH"},"content":{"rendered":"","protected":false},"excerpt":{"rendered":"<ul>\n<li>\u00a0\u00c9 IDEAL PARA CARPINTEIROS ,INSTALADORES DE DRYWALL OU REBOCADORES BEM COMO FABRICANTES<\/li>\n<li>DE PRODUTOS\u00a0 \u00c1 BASE MADEIRA , \u00c9 A FERRAMENTA IDEAL PARA LIXAMENTO ALTAMENTE EF\u00cdCIENTE<\/li>\n<li>IDEAL PARA TRABALHAR COM MADEIRA ,MATERIAIS DERIVADOS\u00a0 MADEIRA OU GESSO .<\/li>\n<li>ALTA CAPACIDADE DE DESBASTE DE MATERIAL COM MOTOR POTENTE 220W<\/li>\n<li>MENOS FADIGA ,MESMO AO LIXAR ACIMA DO NIVEL DE CABE\u00c7A COM V\u00c1RIAS OP\u00c7\u00d5ES DE PUNHO<\/li>\n<li>DIMINUI\u00c7\u00c3O DA DORM\u00caNCIA DAS M\u00c3O GRA\u00c7AS AO VALOR DE VIBRA\u00c7\u00c3O MUITO BAIXA\u00a0 AT\u00c93,4 m\/s\u00b2<\/li>\n<\/ul>\n<p>c\u00f3digo:BOSCH0291<\/p>","protected":false},"featured_media":23258,"comment_status":"open","ping_status":"closed","template":"","meta":{"iawp_total_views":0},"product_brand":[218],"product_cat":[204,205],"product_tag":[],"class_list":{"0":"post-23257","1":"product","2":"type-product","3":"status-publish","4":"has-post-thumbnail","6":"product_brand-bosch","7":"product_cat-ferramentas","8":"product_cat-maquinas","10":"first","11":"instock","12":"shipping-taxable","13":"purchasable","14":"product-type-simple"},"aioseo_notices":[],"_links":{"self":[{"href":"https:\/\/bricoluanda.com\/en\/wp-json\/wp\/v2\/product\/23257","targetHints":{"allow":["GET"]}}],"collection":[{"href":"https:\/\/bricoluanda.com\/en\/wp-json\/wp\/v2\/product"}],"about":[{"href":"https:\/\/bricoluanda.com\/en\/wp-json\/wp\/v2\/types\/product"}],"replies":[{"embeddable":true,"href":"https:\/\/bricoluanda.com\/en\/wp-json\/wp\/v2\/comments?post=23257"}],"wp:featuredmedia":[{"embeddable":true,"href":"https:\/\/bricoluanda.com\/en\/wp-json\/wp\/v2\/media\/23258"}],"wp:attachment":[{"href":"https:\/\/bricoluanda.com\/en\/wp-json\/wp\/v2\/media?parent=23257"}],"wp:term":[{"taxonomy":"product_brand","embeddable":true,"href":"https:\/\/bricoluanda.com\/en\/wp-json\/wp\/v2\/product_brand?post=23257"},{"taxonomy":"product_cat","embeddable":true,"href":"https:\/\/bricoluanda.com\/en\/wp-json\/wp\/v2\/product_cat?post=23257"},{"taxonomy":"product_tag","embeddable":true,"href":"https:\/\/bricoluanda.com\/en\/wp-json\/wp\/v2\/product_tag?post=23257"}],"curies":[{"name":"wp","href":"https:\/\/api.w.org\/{rel}","templated":true}]}}