{"id":23245,"date":"2026-04-17T14:27:49","date_gmt":"2026-04-17T14:27:49","guid":{"rendered":"https:\/\/bricoluanda.com\/?post_type=product&#038;p=23245"},"modified":"2026-04-17T14:27:50","modified_gmt":"2026-04-17T14:27:50","slug":"serra-de-sabre-gsa-120-bosch","status":"publish","type":"product","link":"https:\/\/bricoluanda.com\/en\/product\/serra-de-sabre-gsa-120-bosch\/","title":{"rendered":"SERRA DE SABRE GSA 120 BOSCH"},"content":{"rendered":"","protected":false},"excerpt":{"rendered":"<ul>\n<li>COM POT\u00caNCIA DE 1.200W \u00c9 ERGON\u00d4MICA ,ROBUSTA E OFERECE MAIS DURABILIDADE,<\/li>\n<li>GRA\u00c7AS AO SISTEMA DE TRANSMISS\u00c3O COM BAIXA FRIC\u00c7\u00c3O E<\/li>\n<li>O RESFRIAMENTO INTELIGENTE DO CALOR DO MOTOR<\/li>\n<li>SERRA SABRE REALIZA O TRABALHO EM V\u00c1RIAS POSI\u00c7\u00d5ES E PERMITE A TROCA DA L\u00c2MINA COM FACILIDADE<\/li>\n<li>COM O SISTEMA DE TROCA E R\u00c1PIDA ,QUE DISPENSA O USO DE FERRAMENTAS ,TAMB\u00c9M PERMITE A TROCA<\/li>\n<li>E FACILIDADE DE ESCOVAS DE CARV\u00c3O SEM PRECISAR DESMONTAR A FERRAMENTA<\/li>\n<\/ul>\n<p>c\u00f3digo:BOSCH0289<\/p>","protected":false},"featured_media":23249,"comment_status":"open","ping_status":"closed","template":"","meta":{"iawp_total_views":0},"product_brand":[218],"product_cat":[204,205],"product_tag":[],"class_list":{"0":"post-23245","1":"product","2":"type-product","3":"status-publish","4":"has-post-thumbnail","6":"product_brand-bosch","7":"product_cat-ferramentas","8":"product_cat-maquinas","10":"first","11":"instock","12":"shipping-taxable","13":"purchasable","14":"product-type-simple"},"aioseo_notices":[],"_links":{"self":[{"href":"https:\/\/bricoluanda.com\/en\/wp-json\/wp\/v2\/product\/23245","targetHints":{"allow":["GET"]}}],"collection":[{"href":"https:\/\/bricoluanda.com\/en\/wp-json\/wp\/v2\/product"}],"about":[{"href":"https:\/\/bricoluanda.com\/en\/wp-json\/wp\/v2\/types\/product"}],"replies":[{"embeddable":true,"href":"https:\/\/bricoluanda.com\/en\/wp-json\/wp\/v2\/comments?post=23245"}],"wp:featuredmedia":[{"embeddable":true,"href":"https:\/\/bricoluanda.com\/en\/wp-json\/wp\/v2\/media\/23249"}],"wp:attachment":[{"href":"https:\/\/bricoluanda.com\/en\/wp-json\/wp\/v2\/media?parent=23245"}],"wp:term":[{"taxonomy":"product_brand","embeddable":true,"href":"https:\/\/bricoluanda.com\/en\/wp-json\/wp\/v2\/product_brand?post=23245"},{"taxonomy":"product_cat","embeddable":true,"href":"https:\/\/bricoluanda.com\/en\/wp-json\/wp\/v2\/product_cat?post=23245"},{"taxonomy":"product_tag","embeddable":true,"href":"https:\/\/bricoluanda.com\/en\/wp-json\/wp\/v2\/product_tag?post=23245"}],"curies":[{"name":"wp","href":"https:\/\/api.w.org\/{rel}","templated":true}]}}