{"id":23238,"date":"2026-04-17T10:57:52","date_gmt":"2026-04-17T10:57:52","guid":{"rendered":"https:\/\/bricoluanda.com\/?post_type=product&#038;p=23238"},"modified":"2026-04-17T10:57:53","modified_gmt":"2026-04-17T10:57:53","slug":"vouga-lavatorio-branco-sanindusa","status":"publish","type":"product","link":"https:\/\/bricoluanda.com\/en\/product\/vouga-lavatorio-branco-sanindusa\/","title":{"rendered":"VOUGA LAVAT\u00d3RIO BRANCO SANINDUSA"},"content":{"rendered":"","protected":false},"excerpt":{"rendered":"<ul>\n<li>LAVAT\u00d3RIO DE ENCASTRAR POR BAIXO<\/li>\n<li>COM ANEL EMBELEZADOR &#8211; COM OVERFLOW<\/li>\n<li>KIT DE FIXA\u00c7\u00c3O N\u00c3O INCLU\u00cdDO<\/li>\n<li>SEM FURO PARA TORNEIRA<\/li>\n<li>COMPRIMENTO: 565 MM LARGURA: 375 MM ALTURA: 200 MM<\/li>\n<li>PESO: 7.50 KG<\/li>\n<\/ul>\n<p>c\u00f3digo: SANINDUSA0036<\/p>","protected":false},"featured_media":23241,"comment_status":"open","ping_status":"closed","template":"","meta":{"iawp_total_views":0},"product_brand":[217],"product_cat":[191],"product_tag":[],"class_list":{"0":"post-23238","1":"product","2":"type-product","3":"status-publish","4":"has-post-thumbnail","6":"product_brand-sanindusa","7":"product_cat-lavatorios","9":"first","10":"instock","11":"shipping-taxable","12":"purchasable","13":"product-type-simple"},"aioseo_notices":[],"_links":{"self":[{"href":"https:\/\/bricoluanda.com\/en\/wp-json\/wp\/v2\/product\/23238","targetHints":{"allow":["GET"]}}],"collection":[{"href":"https:\/\/bricoluanda.com\/en\/wp-json\/wp\/v2\/product"}],"about":[{"href":"https:\/\/bricoluanda.com\/en\/wp-json\/wp\/v2\/types\/product"}],"replies":[{"embeddable":true,"href":"https:\/\/bricoluanda.com\/en\/wp-json\/wp\/v2\/comments?post=23238"}],"wp:featuredmedia":[{"embeddable":true,"href":"https:\/\/bricoluanda.com\/en\/wp-json\/wp\/v2\/media\/23241"}],"wp:attachment":[{"href":"https:\/\/bricoluanda.com\/en\/wp-json\/wp\/v2\/media?parent=23238"}],"wp:term":[{"taxonomy":"product_brand","embeddable":true,"href":"https:\/\/bricoluanda.com\/en\/wp-json\/wp\/v2\/product_brand?post=23238"},{"taxonomy":"product_cat","embeddable":true,"href":"https:\/\/bricoluanda.com\/en\/wp-json\/wp\/v2\/product_cat?post=23238"},{"taxonomy":"product_tag","embeddable":true,"href":"https:\/\/bricoluanda.com\/en\/wp-json\/wp\/v2\/product_tag?post=23238"}],"curies":[{"name":"wp","href":"https:\/\/api.w.org\/{rel}","templated":true}]}}