{"id":23191,"date":"2026-04-16T11:18:38","date_gmt":"2026-04-16T11:18:38","guid":{"rendered":"https:\/\/bricoluanda.com\/?post_type=product&#038;p=23191"},"modified":"2026-04-16T11:18:38","modified_gmt":"2026-04-16T11:18:38","slug":"martelo-perfurador-gbh-2-24-dre-bosch","status":"publish","type":"product","link":"https:\/\/bricoluanda.com\/en\/product\/martelo-perfurador-gbh-2-24-dre-bosch\/","title":{"rendered":"MARTELO PERFURADOR GBH 2-24 DRE BOSCH"},"content":{"rendered":"","protected":false},"excerpt":{"rendered":"<ul>\n<li>A MELHOR\u00a0 PERFURA\u00c7\u00c3O E CINZELAGEM\u00a0 DA SUA CLASSE EM MATERIAIS DUROS<\/li>\n<li>\u00c9 POSS\u00cdVEL GRA\u00c7AS AO CONJUNTO DE CAIXA DE ENGRENAGENS<\/li>\n<li>A ELEVADA VELOCIDADE DE PERFURA\u00c7\u00c3O MELHORA A EF\u00cdCI\u00caNCIA DA CARGA DE TRABALHO<\/li>\n<li>CONCEBIDA ADEQUADAMENTE COM PE\u00c7AS INTERCAMBI\u00c1VEIS , GARANTE UMA MANUTEN\u00c7\u00c3O F\u00c1CIL<\/li>\n<li>CONCEBIDA PARA TRABALHAR LONGAS HORAS EM CONDI\u00c7\u00d5ES DE HORAS DE TRABALHO DIFICEIS<\/li>\n<\/ul>\n<p>c\u00f3digo:BOSCH0282<\/p>","protected":false},"featured_media":23193,"comment_status":"open","ping_status":"closed","template":"","meta":{"iawp_total_views":0},"product_brand":[218],"product_cat":[204,205],"product_tag":[],"class_list":{"0":"post-23191","1":"product","2":"type-product","3":"status-publish","4":"has-post-thumbnail","6":"product_brand-bosch","7":"product_cat-ferramentas","8":"product_cat-maquinas","10":"first","11":"instock","12":"shipping-taxable","13":"purchasable","14":"product-type-simple"},"aioseo_notices":[],"_links":{"self":[{"href":"https:\/\/bricoluanda.com\/en\/wp-json\/wp\/v2\/product\/23191","targetHints":{"allow":["GET"]}}],"collection":[{"href":"https:\/\/bricoluanda.com\/en\/wp-json\/wp\/v2\/product"}],"about":[{"href":"https:\/\/bricoluanda.com\/en\/wp-json\/wp\/v2\/types\/product"}],"replies":[{"embeddable":true,"href":"https:\/\/bricoluanda.com\/en\/wp-json\/wp\/v2\/comments?post=23191"}],"wp:featuredmedia":[{"embeddable":true,"href":"https:\/\/bricoluanda.com\/en\/wp-json\/wp\/v2\/media\/23193"}],"wp:attachment":[{"href":"https:\/\/bricoluanda.com\/en\/wp-json\/wp\/v2\/media?parent=23191"}],"wp:term":[{"taxonomy":"product_brand","embeddable":true,"href":"https:\/\/bricoluanda.com\/en\/wp-json\/wp\/v2\/product_brand?post=23191"},{"taxonomy":"product_cat","embeddable":true,"href":"https:\/\/bricoluanda.com\/en\/wp-json\/wp\/v2\/product_cat?post=23191"},{"taxonomy":"product_tag","embeddable":true,"href":"https:\/\/bricoluanda.com\/en\/wp-json\/wp\/v2\/product_tag?post=23191"}],"curies":[{"name":"wp","href":"https:\/\/api.w.org\/{rel}","templated":true}]}}