{"id":23159,"date":"2026-04-15T11:23:50","date_gmt":"2026-04-15T11:23:50","guid":{"rendered":"https:\/\/bricoluanda.com\/?post_type=product&#038;p=23159"},"modified":"2026-04-15T11:23:50","modified_gmt":"2026-04-15T11:23:50","slug":"broca-sds-plus-08x100x160mm-bosch","status":"publish","type":"product","link":"https:\/\/bricoluanda.com\/en\/product\/broca-sds-plus-08x100x160mm-bosch\/","title":{"rendered":"BROCA SDS PLUS 08X100X160MM BOSCH"},"content":{"rendered":"","protected":false},"excerpt":{"rendered":"<ul>\n<li>EST\u00c1 OTIMIZADA PARA PERFURAR BET\u00c3O ,<\/li>\n<li>O REVESTIMENTO DE CARBONATO DE TUNGST\u00c9NIO<\/li>\n<li>2 ARESTAS TORNA A BROCA MAIS RESISTENTE<\/li>\n<li>OFERECE REMO\u00c7AO DO P\u00d3 EFICAZ E DURA\u00c7\u00c3O STANDARD<\/li>\n<li>COMPAT\u00cdVEL COM TODOS OS MARTELO PERFURADORES SDS PLUS<\/li>\n<\/ul>\n<p>c\u00f3digo :BOSCH0274<\/p>","protected":false},"featured_media":23160,"comment_status":"open","ping_status":"closed","template":"","meta":{"iawp_total_views":0},"product_brand":[218],"product_cat":[204],"product_tag":[],"class_list":{"0":"post-23159","1":"product","2":"type-product","3":"status-publish","4":"has-post-thumbnail","6":"product_brand-bosch","7":"product_cat-ferramentas","9":"first","10":"instock","11":"shipping-taxable","12":"purchasable","13":"product-type-simple"},"aioseo_notices":[],"_links":{"self":[{"href":"https:\/\/bricoluanda.com\/en\/wp-json\/wp\/v2\/product\/23159","targetHints":{"allow":["GET"]}}],"collection":[{"href":"https:\/\/bricoluanda.com\/en\/wp-json\/wp\/v2\/product"}],"about":[{"href":"https:\/\/bricoluanda.com\/en\/wp-json\/wp\/v2\/types\/product"}],"replies":[{"embeddable":true,"href":"https:\/\/bricoluanda.com\/en\/wp-json\/wp\/v2\/comments?post=23159"}],"wp:featuredmedia":[{"embeddable":true,"href":"https:\/\/bricoluanda.com\/en\/wp-json\/wp\/v2\/media\/23160"}],"wp:attachment":[{"href":"https:\/\/bricoluanda.com\/en\/wp-json\/wp\/v2\/media?parent=23159"}],"wp:term":[{"taxonomy":"product_brand","embeddable":true,"href":"https:\/\/bricoluanda.com\/en\/wp-json\/wp\/v2\/product_brand?post=23159"},{"taxonomy":"product_cat","embeddable":true,"href":"https:\/\/bricoluanda.com\/en\/wp-json\/wp\/v2\/product_cat?post=23159"},{"taxonomy":"product_tag","embeddable":true,"href":"https:\/\/bricoluanda.com\/en\/wp-json\/wp\/v2\/product_tag?post=23159"}],"curies":[{"name":"wp","href":"https:\/\/api.w.org\/{rel}","templated":true}]}}