{"id":23137,"date":"2026-04-14T14:38:21","date_gmt":"2026-04-14T14:38:21","guid":{"rendered":"https:\/\/bricoluanda.com\/?post_type=product&#038;p=23137"},"modified":"2026-04-14T14:38:22","modified_gmt":"2026-04-14T14:38:22","slug":"aveiro-lavatorio-branco-sanindusa","status":"publish","type":"product","link":"https:\/\/bricoluanda.com\/en\/product\/aveiro-lavatorio-branco-sanindusa\/","title":{"rendered":"AVEIRO LAVAT\u00d3RIO BRANCO SANINDUSA"},"content":{"rendered":"","protected":false},"excerpt":{"rendered":"<ul>\n<li>COM ANEL EMBELEZADOR<\/li>\n<li>COM FURO PARA TORNEIRA<\/li>\n<li>COM OVERFLOW<\/li>\n<li>DIMENS\u00d5ES 55X45<\/li>\n<li>PESO: 11.5KG<\/li>\n<li>KIT DE FIXA\u00c7\u00c3O INCLU\u00cdDO<\/li>\n<\/ul>\n<p>c\u00f3digo: SANINDUSA0059<\/p>","protected":false},"featured_media":23139,"comment_status":"open","ping_status":"closed","template":"","meta":{"iawp_total_views":0},"product_brand":[],"product_cat":[74],"product_tag":[],"class_list":{"0":"post-23137","1":"product","2":"type-product","3":"status-publish","4":"has-post-thumbnail","6":"product_cat-acessorios-e-espacos-publicos","8":"first","9":"instock","10":"shipping-taxable","11":"purchasable","12":"product-type-simple"},"aioseo_notices":[],"_links":{"self":[{"href":"https:\/\/bricoluanda.com\/en\/wp-json\/wp\/v2\/product\/23137","targetHints":{"allow":["GET"]}}],"collection":[{"href":"https:\/\/bricoluanda.com\/en\/wp-json\/wp\/v2\/product"}],"about":[{"href":"https:\/\/bricoluanda.com\/en\/wp-json\/wp\/v2\/types\/product"}],"replies":[{"embeddable":true,"href":"https:\/\/bricoluanda.com\/en\/wp-json\/wp\/v2\/comments?post=23137"}],"wp:featuredmedia":[{"embeddable":true,"href":"https:\/\/bricoluanda.com\/en\/wp-json\/wp\/v2\/media\/23139"}],"wp:attachment":[{"href":"https:\/\/bricoluanda.com\/en\/wp-json\/wp\/v2\/media?parent=23137"}],"wp:term":[{"taxonomy":"product_brand","embeddable":true,"href":"https:\/\/bricoluanda.com\/en\/wp-json\/wp\/v2\/product_brand?post=23137"},{"taxonomy":"product_cat","embeddable":true,"href":"https:\/\/bricoluanda.com\/en\/wp-json\/wp\/v2\/product_cat?post=23137"},{"taxonomy":"product_tag","embeddable":true,"href":"https:\/\/bricoluanda.com\/en\/wp-json\/wp\/v2\/product_tag?post=23137"}],"curies":[{"name":"wp","href":"https:\/\/api.w.org\/{rel}","templated":true}]}}