{"id":23089,"date":"2026-04-14T14:45:47","date_gmt":"2026-04-14T14:45:47","guid":{"rendered":"https:\/\/bricoluanda.com\/?post_type=product&#038;p=23089"},"modified":"2026-04-14T14:45:47","modified_gmt":"2026-04-14T14:45:47","slug":"disco-serra-circular-optline-230x30-48-bosch","status":"publish","type":"product","link":"https:\/\/bricoluanda.com\/en\/product\/disco-serra-circular-optline-230x30-48-bosch\/","title":{"rendered":"DISCO SERRA CIRCULAR OPTLINE 230X30 48 BOSCH"},"content":{"rendered":"","protected":false},"excerpt":{"rendered":"<ul>\n<li>OFERECE CORTES DE QUALIDADE PRECISO EM TODOS TIPOS DE MADEIRA<\/li>\n<li>OS DENTES DE CARBONETO DE PRECIS\u00c3O DE ALTA QUALIDADE QUE PERMITEM CORTES LIMPOS<\/li>\n<li>L\u00c3MINA BASE EM A\u00c7O TEMPERADO SK5 DIMENSIONALMENTE EST\u00c1VEL<\/li>\n<li>FURO FUNCIONA COM OU SEM AN\u00c9IS DE REDU\u00c7\u00c3O PARA AJUSTAR DIFERENTES TAMANHO<\/li>\n<\/ul>\n<p>c\u00f3digo :BOSCH0271<\/p>","protected":false},"featured_media":23097,"comment_status":"open","ping_status":"closed","template":"","meta":{"iawp_total_views":0},"product_brand":[218],"product_cat":[204],"product_tag":[],"class_list":{"0":"post-23089","1":"product","2":"type-product","3":"status-publish","4":"has-post-thumbnail","6":"product_brand-bosch","7":"product_cat-ferramentas","9":"first","10":"instock","11":"shipping-taxable","12":"purchasable","13":"product-type-simple"},"aioseo_notices":[],"_links":{"self":[{"href":"https:\/\/bricoluanda.com\/en\/wp-json\/wp\/v2\/product\/23089","targetHints":{"allow":["GET"]}}],"collection":[{"href":"https:\/\/bricoluanda.com\/en\/wp-json\/wp\/v2\/product"}],"about":[{"href":"https:\/\/bricoluanda.com\/en\/wp-json\/wp\/v2\/types\/product"}],"replies":[{"embeddable":true,"href":"https:\/\/bricoluanda.com\/en\/wp-json\/wp\/v2\/comments?post=23089"}],"wp:featuredmedia":[{"embeddable":true,"href":"https:\/\/bricoluanda.com\/en\/wp-json\/wp\/v2\/media\/23097"}],"wp:attachment":[{"href":"https:\/\/bricoluanda.com\/en\/wp-json\/wp\/v2\/media?parent=23089"}],"wp:term":[{"taxonomy":"product_brand","embeddable":true,"href":"https:\/\/bricoluanda.com\/en\/wp-json\/wp\/v2\/product_brand?post=23089"},{"taxonomy":"product_cat","embeddable":true,"href":"https:\/\/bricoluanda.com\/en\/wp-json\/wp\/v2\/product_cat?post=23089"},{"taxonomy":"product_tag","embeddable":true,"href":"https:\/\/bricoluanda.com\/en\/wp-json\/wp\/v2\/product_tag?post=23089"}],"curies":[{"name":"wp","href":"https:\/\/api.w.org\/{rel}","templated":true}]}}