{"id":23073,"date":"2026-04-14T09:21:45","date_gmt":"2026-04-14T09:21:45","guid":{"rendered":"https:\/\/bricoluanda.com\/?post_type=product&#038;p=23073"},"modified":"2026-04-14T09:23:45","modified_gmt":"2026-04-14T09:23:45","slug":"piano-base-80x80-branco-sanindusa","status":"publish","type":"product","link":"https:\/\/bricoluanda.com\/en\/product\/piano-base-80x80-branco-sanindusa\/","title":{"rendered":"PIANO BASE 80X80 BRANCO SANINDUSA"},"content":{"rendered":"","protected":false},"excerpt":{"rendered":"<p><strong>PIANO BASE 80X80 BRANCO SANINDUSA<\/strong><\/p>\n<ul>\n<li>MATERIAL: ACR\u00cdLICO TIPOLOGIA DE INSTALA\u00c7\u00c3O: POUSAR<\/li>\n<li>COMPRIMENTO: 80 CM LARGURA: 80 CM ALTURA: 50MM PESO:<\/li>\n<li>COLE\u00c7\u00c3O: PIANO TIPO DE PRODUTO: BASES DE DUCHE<\/li>\n<\/ul>\n<p>c\u00f3digo: SANINDUSA0030<\/p>","protected":false},"featured_media":23074,"comment_status":"open","ping_status":"closed","template":"","meta":{"iawp_total_views":1},"product_brand":[217],"product_cat":[190],"product_tag":[],"class_list":{"0":"post-23073","1":"product","2":"type-product","3":"status-publish","4":"has-post-thumbnail","6":"product_brand-sanindusa","7":"product_cat-banheiras-e-duche","9":"first","10":"instock","11":"shipping-taxable","12":"purchasable","13":"product-type-simple"},"aioseo_notices":[],"_links":{"self":[{"href":"https:\/\/bricoluanda.com\/en\/wp-json\/wp\/v2\/product\/23073","targetHints":{"allow":["GET"]}}],"collection":[{"href":"https:\/\/bricoluanda.com\/en\/wp-json\/wp\/v2\/product"}],"about":[{"href":"https:\/\/bricoluanda.com\/en\/wp-json\/wp\/v2\/types\/product"}],"replies":[{"embeddable":true,"href":"https:\/\/bricoluanda.com\/en\/wp-json\/wp\/v2\/comments?post=23073"}],"wp:featuredmedia":[{"embeddable":true,"href":"https:\/\/bricoluanda.com\/en\/wp-json\/wp\/v2\/media\/23074"}],"wp:attachment":[{"href":"https:\/\/bricoluanda.com\/en\/wp-json\/wp\/v2\/media?parent=23073"}],"wp:term":[{"taxonomy":"product_brand","embeddable":true,"href":"https:\/\/bricoluanda.com\/en\/wp-json\/wp\/v2\/product_brand?post=23073"},{"taxonomy":"product_cat","embeddable":true,"href":"https:\/\/bricoluanda.com\/en\/wp-json\/wp\/v2\/product_cat?post=23073"},{"taxonomy":"product_tag","embeddable":true,"href":"https:\/\/bricoluanda.com\/en\/wp-json\/wp\/v2\/product_tag?post=23073"}],"curies":[{"name":"wp","href":"https:\/\/api.w.org\/{rel}","templated":true}]}}