{"id":23015,"date":"2026-04-13T11:20:55","date_gmt":"2026-04-13T11:20:55","guid":{"rendered":"https:\/\/bricoluanda.com\/?post_type=product&#038;p=23015"},"modified":"2026-04-13T11:20:55","modified_gmt":"2026-04-13T11:20:55","slug":"ria-pack-urinol","status":"publish","type":"product","link":"https:\/\/bricoluanda.com\/en\/product\/ria-pack-urinol\/","title":{"rendered":"RIA PACK URINOL"},"content":{"rendered":"","protected":false},"excerpt":{"rendered":"<p><strong>RIA PACK URINOL<\/strong><\/p>\n<ul>\n<li>NA EMBALAGEM:TORNEIRA TEMPORIZADA\u00a0 DE URINOL, SIF\u00c3O GARRAFA EXTENS\u00cdVEL COM TUBO D40MM COM LIGA\u00c7\u00c3O A PAREDE, E KIT DE PARAFUSOS<\/li>\n<\/ul>\n<p>c\u00f3digo: SANINDUSA0020<\/p>\n<p>&nbsp;<\/p>","protected":false},"featured_media":23019,"comment_status":"open","ping_status":"closed","template":"","meta":{"iawp_total_views":1},"product_brand":[217],"product_cat":[74],"product_tag":[],"class_list":{"0":"post-23015","1":"product","2":"type-product","3":"status-publish","4":"has-post-thumbnail","6":"product_brand-sanindusa","7":"product_cat-acessorios-e-espacos-publicos","9":"first","10":"instock","11":"shipping-taxable","12":"purchasable","13":"product-type-simple"},"aioseo_notices":[],"_links":{"self":[{"href":"https:\/\/bricoluanda.com\/en\/wp-json\/wp\/v2\/product\/23015","targetHints":{"allow":["GET"]}}],"collection":[{"href":"https:\/\/bricoluanda.com\/en\/wp-json\/wp\/v2\/product"}],"about":[{"href":"https:\/\/bricoluanda.com\/en\/wp-json\/wp\/v2\/types\/product"}],"replies":[{"embeddable":true,"href":"https:\/\/bricoluanda.com\/en\/wp-json\/wp\/v2\/comments?post=23015"}],"wp:featuredmedia":[{"embeddable":true,"href":"https:\/\/bricoluanda.com\/en\/wp-json\/wp\/v2\/media\/23019"}],"wp:attachment":[{"href":"https:\/\/bricoluanda.com\/en\/wp-json\/wp\/v2\/media?parent=23015"}],"wp:term":[{"taxonomy":"product_brand","embeddable":true,"href":"https:\/\/bricoluanda.com\/en\/wp-json\/wp\/v2\/product_brand?post=23015"},{"taxonomy":"product_cat","embeddable":true,"href":"https:\/\/bricoluanda.com\/en\/wp-json\/wp\/v2\/product_cat?post=23015"},{"taxonomy":"product_tag","embeddable":true,"href":"https:\/\/bricoluanda.com\/en\/wp-json\/wp\/v2\/product_tag?post=23015"}],"curies":[{"name":"wp","href":"https:\/\/api.w.org\/{rel}","templated":true}]}}