{"id":22955,"date":"2026-04-13T08:07:29","date_gmt":"2026-04-13T08:07:29","guid":{"rendered":"https:\/\/bricoluanda.com\/?post_type=product&#038;p=22955"},"modified":"2026-04-13T08:07:29","modified_gmt":"2026-04-13T08:07:29","slug":"ruby-monocomando-lavatorio-preto-mate-sanitana","status":"publish","type":"product","link":"https:\/\/bricoluanda.com\/en\/product\/ruby-monocomando-lavatorio-preto-mate-sanitana\/","title":{"rendered":"RUBY MONOCOMANDO LAVAT\u00d3RIO PRETO MATE SANITANA"},"content":{"rendered":"","protected":false},"excerpt":{"rendered":"<p><strong>RUBY MONOCOMANDO LAVAT\u00d3RIO PRETO MATE SANITANA<\/strong><\/p>\n<ul>\n<li>CANO BAIXO \u2013 110MM.<\/li>\n<li>SISTEMA COLD START \u2013 ABERTURA EM FRIO.<\/li>\n<li>NA EMBALAGEM: TORNEIRA, LIGA\u00c7\u00d5ES FLEX\u00cdVEIS 3\/8 E KIT DE FIXA\u00c7\u00c3O.<\/li>\n<\/ul>\n<p>c\u00f3digo: SANITANA:0462<\/p>","protected":false},"featured_media":22985,"comment_status":"open","ping_status":"closed","template":"","meta":{"iawp_total_views":0},"product_brand":[215],"product_cat":[116],"product_tag":[],"class_list":{"0":"post-22955","1":"product","2":"type-product","3":"status-publish","4":"has-post-thumbnail","6":"product_brand-sanitana","7":"product_cat-torneiras","9":"first","10":"instock","11":"shipping-taxable","12":"purchasable","13":"product-type-simple"},"aioseo_notices":[],"_links":{"self":[{"href":"https:\/\/bricoluanda.com\/en\/wp-json\/wp\/v2\/product\/22955","targetHints":{"allow":["GET"]}}],"collection":[{"href":"https:\/\/bricoluanda.com\/en\/wp-json\/wp\/v2\/product"}],"about":[{"href":"https:\/\/bricoluanda.com\/en\/wp-json\/wp\/v2\/types\/product"}],"replies":[{"embeddable":true,"href":"https:\/\/bricoluanda.com\/en\/wp-json\/wp\/v2\/comments?post=22955"}],"wp:featuredmedia":[{"embeddable":true,"href":"https:\/\/bricoluanda.com\/en\/wp-json\/wp\/v2\/media\/22985"}],"wp:attachment":[{"href":"https:\/\/bricoluanda.com\/en\/wp-json\/wp\/v2\/media?parent=22955"}],"wp:term":[{"taxonomy":"product_brand","embeddable":true,"href":"https:\/\/bricoluanda.com\/en\/wp-json\/wp\/v2\/product_brand?post=22955"},{"taxonomy":"product_cat","embeddable":true,"href":"https:\/\/bricoluanda.com\/en\/wp-json\/wp\/v2\/product_cat?post=22955"},{"taxonomy":"product_tag","embeddable":true,"href":"https:\/\/bricoluanda.com\/en\/wp-json\/wp\/v2\/product_tag?post=22955"}],"curies":[{"name":"wp","href":"https:\/\/api.w.org\/{rel}","templated":true}]}}