{"id":22916,"date":"2026-04-10T13:23:36","date_gmt":"2026-04-10T13:23:36","guid":{"rendered":"https:\/\/bricoluanda.com\/?post_type=product&#038;p=22916"},"modified":"2026-04-11T08:28:34","modified_gmt":"2026-04-11T08:28:34","slug":"silicone-acetico-cinza-280ml-cidax","status":"publish","type":"product","link":"https:\/\/bricoluanda.com\/en\/product\/silicone-acetico-cinza-280ml-cidax\/","title":{"rendered":"SILICONE ACETICO BRANCO 280ML SOUDAL"},"content":{"rendered":"","protected":false},"excerpt":{"rendered":"<ul>\n<li><span style=\"color: #333333;\"><span style=\"color: #999999;\">o silicone ac\u00e9tico<\/span><\/span> \u00e9 um tipo de\u00a0selante de cura ac\u00e9tica\u00a0indicado para ambientes que ter\u00e3o contato com\u00a0umidade como<\/li>\n<li>banheiros cozinhas lavanderias e \u00e1reas externas Ele possui excelente ader\u00eancia em diferentes materiais e alta<\/li>\n<li>resist\u00eancia \u00e0 incid\u00eancia de raios \u00a0tornando-se uma solu\u00e7\u00e3o pr\u00e1tica e dur\u00e1vel para uso profissional e residencial<\/li>\n<\/ul>\n<p>c\u00f3digo: CIDAX0035<\/p>","protected":false},"featured_media":22918,"comment_status":"open","ping_status":"closed","template":"","meta":{"iawp_total_views":0},"product_brand":[236],"product_cat":[208],"product_tag":[],"class_list":{"0":"post-22916","1":"product","2":"type-product","3":"status-publish","4":"has-post-thumbnail","6":"product_brand-soudal","7":"product_cat-silicones-e-spray","9":"first","10":"instock","11":"shipping-taxable","12":"purchasable","13":"product-type-simple"},"aioseo_notices":[],"_links":{"self":[{"href":"https:\/\/bricoluanda.com\/en\/wp-json\/wp\/v2\/product\/22916","targetHints":{"allow":["GET"]}}],"collection":[{"href":"https:\/\/bricoluanda.com\/en\/wp-json\/wp\/v2\/product"}],"about":[{"href":"https:\/\/bricoluanda.com\/en\/wp-json\/wp\/v2\/types\/product"}],"replies":[{"embeddable":true,"href":"https:\/\/bricoluanda.com\/en\/wp-json\/wp\/v2\/comments?post=22916"}],"wp:featuredmedia":[{"embeddable":true,"href":"https:\/\/bricoluanda.com\/en\/wp-json\/wp\/v2\/media\/22918"}],"wp:attachment":[{"href":"https:\/\/bricoluanda.com\/en\/wp-json\/wp\/v2\/media?parent=22916"}],"wp:term":[{"taxonomy":"product_brand","embeddable":true,"href":"https:\/\/bricoluanda.com\/en\/wp-json\/wp\/v2\/product_brand?post=22916"},{"taxonomy":"product_cat","embeddable":true,"href":"https:\/\/bricoluanda.com\/en\/wp-json\/wp\/v2\/product_cat?post=22916"},{"taxonomy":"product_tag","embeddable":true,"href":"https:\/\/bricoluanda.com\/en\/wp-json\/wp\/v2\/product_tag?post=22916"}],"curies":[{"name":"wp","href":"https:\/\/api.w.org\/{rel}","templated":true}]}}