{"id":22841,"date":"2026-04-10T08:08:00","date_gmt":"2026-04-10T08:08:00","guid":{"rendered":"https:\/\/bricoluanda.com\/?post_type=product&#038;p=22841"},"modified":"2026-04-10T08:08:00","modified_gmt":"2026-04-10T08:08:00","slug":"valvula-de-enchimento-entrada-lateral-sanitana","status":"publish","type":"product","link":"https:\/\/bricoluanda.com\/en\/product\/valvula-de-enchimento-entrada-lateral-sanitana\/","title":{"rendered":"VALVULA DE ENCHIMENTO ENTRADA LATERAL SANITANA"},"content":{"rendered":"","protected":false},"excerpt":{"rendered":"<p><strong>VALVULA DE ENCHIMENTO ENTRADA LATERAL SANITANA<\/strong><\/p>\n<ul>\n<li>PARA TANQUES CER\u00c2MICOS. V\u00c1LVULA DE ALIMENTA\u00c7\u00c3O LATERAL<\/li>\n<\/ul>\n<p>c\u00f3digo: SANITANA0472<\/p>","protected":false},"featured_media":22842,"comment_status":"open","ping_status":"closed","template":"","meta":{"iawp_total_views":1},"product_brand":[215],"product_cat":[74],"product_tag":[],"class_list":{"0":"post-22841","1":"product","2":"type-product","3":"status-publish","4":"has-post-thumbnail","6":"product_brand-sanitana","7":"product_cat-acessorios-e-espacos-publicos","9":"first","10":"instock","11":"shipping-taxable","12":"purchasable","13":"product-type-simple"},"aioseo_notices":[],"_links":{"self":[{"href":"https:\/\/bricoluanda.com\/en\/wp-json\/wp\/v2\/product\/22841","targetHints":{"allow":["GET"]}}],"collection":[{"href":"https:\/\/bricoluanda.com\/en\/wp-json\/wp\/v2\/product"}],"about":[{"href":"https:\/\/bricoluanda.com\/en\/wp-json\/wp\/v2\/types\/product"}],"replies":[{"embeddable":true,"href":"https:\/\/bricoluanda.com\/en\/wp-json\/wp\/v2\/comments?post=22841"}],"wp:featuredmedia":[{"embeddable":true,"href":"https:\/\/bricoluanda.com\/en\/wp-json\/wp\/v2\/media\/22842"}],"wp:attachment":[{"href":"https:\/\/bricoluanda.com\/en\/wp-json\/wp\/v2\/media?parent=22841"}],"wp:term":[{"taxonomy":"product_brand","embeddable":true,"href":"https:\/\/bricoluanda.com\/en\/wp-json\/wp\/v2\/product_brand?post=22841"},{"taxonomy":"product_cat","embeddable":true,"href":"https:\/\/bricoluanda.com\/en\/wp-json\/wp\/v2\/product_cat?post=22841"},{"taxonomy":"product_tag","embeddable":true,"href":"https:\/\/bricoluanda.com\/en\/wp-json\/wp\/v2\/product_tag?post=22841"}],"curies":[{"name":"wp","href":"https:\/\/api.w.org\/{rel}","templated":true}]}}