{"id":22838,"date":"2026-04-09T15:43:18","date_gmt":"2026-04-09T15:43:18","guid":{"rendered":"https:\/\/bricoluanda.com\/?post_type=product&#038;p=22838"},"modified":"2026-04-13T10:47:40","modified_gmt":"2026-04-13T10:47:40","slug":"escovas-carvao-1607000v37-bosch","status":"publish","type":"product","link":"https:\/\/bricoluanda.com\/en\/product\/escovas-carvao-1607000v37-bosch\/","title":{"rendered":"ESCOVAS CARV\u00c3O 1607000V37 BOSCH"},"content":{"rendered":"","protected":false},"excerpt":{"rendered":"<ul>\n<li>ESCOVAS CARV\u00c3O 1607000V37 BOSCH<\/li>\n<li>\u00c9 UTILIZADA NA CONDU\u00c7\u00c3O EL\u00c9TRICA EM MAQUINAS E FARRAMENTAS<\/li>\n<li>COMPOSTA EM SUA MAIORIA POR CARV\u00c3O E CARBONO OU GRAFITE<\/li>\n<li>O DESGASTE \u00c9 NATURAL<\/li>\n<li>A TROCA DE ESCOVAS \u00c9 NECESS\u00c1RIO DUARANTE A VIDA \u00daTIL DA MAQUINA<\/li>\n<\/ul>\n<p>c\u00f3digo:BOSCH0265<\/p>","protected":false},"featured_media":22840,"comment_status":"open","ping_status":"closed","template":"","meta":{"iawp_total_views":1},"product_brand":[218],"product_cat":[204],"product_tag":[],"class_list":{"0":"post-22838","1":"product","2":"type-product","3":"status-publish","4":"has-post-thumbnail","6":"product_brand-bosch","7":"product_cat-ferramentas","9":"first","10":"instock","11":"shipping-taxable","12":"purchasable","13":"product-type-simple"},"aioseo_notices":[],"_links":{"self":[{"href":"https:\/\/bricoluanda.com\/en\/wp-json\/wp\/v2\/product\/22838","targetHints":{"allow":["GET"]}}],"collection":[{"href":"https:\/\/bricoluanda.com\/en\/wp-json\/wp\/v2\/product"}],"about":[{"href":"https:\/\/bricoluanda.com\/en\/wp-json\/wp\/v2\/types\/product"}],"replies":[{"embeddable":true,"href":"https:\/\/bricoluanda.com\/en\/wp-json\/wp\/v2\/comments?post=22838"}],"wp:featuredmedia":[{"embeddable":true,"href":"https:\/\/bricoluanda.com\/en\/wp-json\/wp\/v2\/media\/22840"}],"wp:attachment":[{"href":"https:\/\/bricoluanda.com\/en\/wp-json\/wp\/v2\/media?parent=22838"}],"wp:term":[{"taxonomy":"product_brand","embeddable":true,"href":"https:\/\/bricoluanda.com\/en\/wp-json\/wp\/v2\/product_brand?post=22838"},{"taxonomy":"product_cat","embeddable":true,"href":"https:\/\/bricoluanda.com\/en\/wp-json\/wp\/v2\/product_cat?post=22838"},{"taxonomy":"product_tag","embeddable":true,"href":"https:\/\/bricoluanda.com\/en\/wp-json\/wp\/v2\/product_tag?post=22838"}],"curies":[{"name":"wp","href":"https:\/\/api.w.org\/{rel}","templated":true}]}}