{"id":22817,"date":"2026-04-09T15:07:40","date_gmt":"2026-04-09T15:07:40","guid":{"rendered":"https:\/\/bricoluanda.com\/?post_type=product&#038;p=22817"},"modified":"2026-04-13T10:54:46","modified_gmt":"2026-04-13T10:54:46","slug":"soprador-gbl-620-bosch","status":"publish","type":"product","link":"https:\/\/bricoluanda.com\/en\/product\/soprador-gbl-620-bosch\/","title":{"rendered":"SOPRADOR GBL 620 BOSCH"},"content":{"rendered":"","protected":false},"excerpt":{"rendered":"<ul>\n<li>OFERECE A M\u00c1XIMA EFICI\u00caNCIA DE LIMPEZA DA SUA CLASSE<\/li>\n<li>ESCOVA DE CARV\u00c3O DE MANUTEN\u00c7\u00c3O SIMPLES<\/li>\n<li>O SISTEMA POWER CHANGE PLUS OFERECE MAIS ROBUSTEZ E PRECIS\u00c3O<\/li>\n<li>HASTE FORMATO HEX\u00c1GONA<\/li>\n<li>POT\u00caNCIA DE ENTRADA NOMINAL 620W N\u00daMERO DE ROTA\u00c7AO EM VAZIO<\/li>\n<li>1.6000 R.P.M VOLUME DE ENCHIMENTO 3.3MT QUADRADO\/MIN<\/li>\n<li>PESO DO PRODUTO 1.7KG<\/li>\n<\/ul>\n<p>c\u00f3digo:BOSCH0260<\/p>\n<p>&nbsp;<\/p>","protected":false},"featured_media":22820,"comment_status":"open","ping_status":"closed","template":"","meta":{"iawp_total_views":1},"product_brand":[218],"product_cat":[205],"product_tag":[],"class_list":{"0":"post-22817","1":"product","2":"type-product","3":"status-publish","4":"has-post-thumbnail","6":"product_brand-bosch","7":"product_cat-maquinas","9":"first","10":"instock","11":"shipping-taxable","12":"purchasable","13":"product-type-simple"},"aioseo_notices":[],"_links":{"self":[{"href":"https:\/\/bricoluanda.com\/en\/wp-json\/wp\/v2\/product\/22817","targetHints":{"allow":["GET"]}}],"collection":[{"href":"https:\/\/bricoluanda.com\/en\/wp-json\/wp\/v2\/product"}],"about":[{"href":"https:\/\/bricoluanda.com\/en\/wp-json\/wp\/v2\/types\/product"}],"replies":[{"embeddable":true,"href":"https:\/\/bricoluanda.com\/en\/wp-json\/wp\/v2\/comments?post=22817"}],"wp:featuredmedia":[{"embeddable":true,"href":"https:\/\/bricoluanda.com\/en\/wp-json\/wp\/v2\/media\/22820"}],"wp:attachment":[{"href":"https:\/\/bricoluanda.com\/en\/wp-json\/wp\/v2\/media?parent=22817"}],"wp:term":[{"taxonomy":"product_brand","embeddable":true,"href":"https:\/\/bricoluanda.com\/en\/wp-json\/wp\/v2\/product_brand?post=22817"},{"taxonomy":"product_cat","embeddable":true,"href":"https:\/\/bricoluanda.com\/en\/wp-json\/wp\/v2\/product_cat?post=22817"},{"taxonomy":"product_tag","embeddable":true,"href":"https:\/\/bricoluanda.com\/en\/wp-json\/wp\/v2\/product_tag?post=22817"}],"curies":[{"name":"wp","href":"https:\/\/api.w.org\/{rel}","templated":true}]}}