{"id":22783,"date":"2026-04-09T11:11:10","date_gmt":"2026-04-09T11:11:10","guid":{"rendered":"https:\/\/bricoluanda.com\/?post_type=product&#038;p=22783"},"modified":"2026-04-09T11:11:10","modified_gmt":"2026-04-09T11:11:10","slug":"monocomando-selekt-lavatorio-cromado-sanitana","status":"publish","type":"product","link":"https:\/\/bricoluanda.com\/en\/product\/monocomando-selekt-lavatorio-cromado-sanitana\/","title":{"rendered":"MONOCOMANDO SELEKT LAVAT\u00d3RIO CROMADO SANITANA"},"content":{"rendered":"","protected":false},"excerpt":{"rendered":"<p><strong>MONOCOMANDO SELEKT LAVAT\u00d3RIO C<\/strong><strong>ROMADO SANITANA<\/strong><\/p>\n<ul>\n<li>MONOCOMANDO COM ACABAMENTO EM LAT\u00c3O CROMADO<\/li>\n<li>PERLATOR ECOL\u00d3GICO COIN SLOT<\/li>\n<li>COM RESTRICTOR DE CAUDAL E CONSUMO ENERG\u00c9TICO<\/li>\n<li>INCLUI LIGA\u00c7\u00d5ES FLEX\u00cdVEIS 3\/8&#8243; E KIT DE FIXA\u00c7\u00c3O<\/li>\n<\/ul>\n<p>c\u00f3digo: SANITANA0240<\/p>","protected":false},"featured_media":22785,"comment_status":"open","ping_status":"closed","template":"","meta":{"iawp_total_views":2},"product_brand":[215],"product_cat":[116],"product_tag":[],"class_list":{"0":"post-22783","1":"product","2":"type-product","3":"status-publish","4":"has-post-thumbnail","6":"product_brand-sanitana","7":"product_cat-torneiras","9":"first","10":"instock","11":"shipping-taxable","12":"purchasable","13":"product-type-simple"},"aioseo_notices":[],"_links":{"self":[{"href":"https:\/\/bricoluanda.com\/en\/wp-json\/wp\/v2\/product\/22783","targetHints":{"allow":["GET"]}}],"collection":[{"href":"https:\/\/bricoluanda.com\/en\/wp-json\/wp\/v2\/product"}],"about":[{"href":"https:\/\/bricoluanda.com\/en\/wp-json\/wp\/v2\/types\/product"}],"replies":[{"embeddable":true,"href":"https:\/\/bricoluanda.com\/en\/wp-json\/wp\/v2\/comments?post=22783"}],"wp:featuredmedia":[{"embeddable":true,"href":"https:\/\/bricoluanda.com\/en\/wp-json\/wp\/v2\/media\/22785"}],"wp:attachment":[{"href":"https:\/\/bricoluanda.com\/en\/wp-json\/wp\/v2\/media?parent=22783"}],"wp:term":[{"taxonomy":"product_brand","embeddable":true,"href":"https:\/\/bricoluanda.com\/en\/wp-json\/wp\/v2\/product_brand?post=22783"},{"taxonomy":"product_cat","embeddable":true,"href":"https:\/\/bricoluanda.com\/en\/wp-json\/wp\/v2\/product_cat?post=22783"},{"taxonomy":"product_tag","embeddable":true,"href":"https:\/\/bricoluanda.com\/en\/wp-json\/wp\/v2\/product_tag?post=22783"}],"curies":[{"name":"wp","href":"https:\/\/api.w.org\/{rel}","templated":true}]}}