{"id":22772,"date":"2026-04-09T10:19:44","date_gmt":"2026-04-09T10:19:44","guid":{"rendered":"https:\/\/bricoluanda.com\/?post_type=product&#038;p=22772"},"modified":"2026-04-09T10:19:45","modified_gmt":"2026-04-09T10:19:45","slug":"estrutura-de-banheira-170x75-sanitana","status":"publish","type":"product","link":"https:\/\/bricoluanda.com\/en\/product\/estrutura-de-banheira-170x75-sanitana\/","title":{"rendered":"ESTRUTURA DE BANHEIRA 170X75 SANITANA"},"content":{"rendered":"","protected":false},"excerpt":{"rendered":"<p><strong>ESTRUTURA DE BANHEIRA 170X75 SANITANA<\/strong><\/p>\n<ul>\n<li>EM METAL PARA BANHEIRAS COM 170X75CM TIPO KESTM<\/li>\n<li>COMPAT\u00cdVEL COM BANHEIRAS RETANGULARES EM ACR\u00cdLICO NEXO<\/li>\n<li>PERMITE A COLOCA\u00c7\u00c3O DE PAIN\u00c9IS<\/li>\n<li>NA EMBALAGEM: ESTRUTURA DE SUPORTE E KIT DE FIXA\u00c7\u00c3O<\/li>\n<\/ul>\n<p>c\u00f3digo: SANITANA0323<\/p>","protected":false},"featured_media":22476,"comment_status":"open","ping_status":"closed","template":"","meta":{"iawp_total_views":0},"product_brand":[215],"product_cat":[190],"product_tag":[],"class_list":{"0":"post-22772","1":"product","2":"type-product","3":"status-publish","4":"has-post-thumbnail","6":"product_brand-sanitana","7":"product_cat-banheiras-e-duche","9":"first","10":"instock","11":"shipping-taxable","12":"purchasable","13":"product-type-simple"},"aioseo_notices":[],"_links":{"self":[{"href":"https:\/\/bricoluanda.com\/en\/wp-json\/wp\/v2\/product\/22772","targetHints":{"allow":["GET"]}}],"collection":[{"href":"https:\/\/bricoluanda.com\/en\/wp-json\/wp\/v2\/product"}],"about":[{"href":"https:\/\/bricoluanda.com\/en\/wp-json\/wp\/v2\/types\/product"}],"replies":[{"embeddable":true,"href":"https:\/\/bricoluanda.com\/en\/wp-json\/wp\/v2\/comments?post=22772"}],"wp:featuredmedia":[{"embeddable":true,"href":"https:\/\/bricoluanda.com\/en\/wp-json\/wp\/v2\/media\/22476"}],"wp:attachment":[{"href":"https:\/\/bricoluanda.com\/en\/wp-json\/wp\/v2\/media?parent=22772"}],"wp:term":[{"taxonomy":"product_brand","embeddable":true,"href":"https:\/\/bricoluanda.com\/en\/wp-json\/wp\/v2\/product_brand?post=22772"},{"taxonomy":"product_cat","embeddable":true,"href":"https:\/\/bricoluanda.com\/en\/wp-json\/wp\/v2\/product_cat?post=22772"},{"taxonomy":"product_tag","embeddable":true,"href":"https:\/\/bricoluanda.com\/en\/wp-json\/wp\/v2\/product_tag?post=22772"}],"curies":[{"name":"wp","href":"https:\/\/api.w.org\/{rel}","templated":true}]}}