{"id":22758,"date":"2026-04-09T10:20:04","date_gmt":"2026-04-09T10:20:04","guid":{"rendered":"https:\/\/bricoluanda.com\/?post_type=product&#038;p=22758"},"modified":"2026-04-13T11:13:34","modified_gmt":"2026-04-13T11:13:34","slug":"escovas-carvao-1619p06346-gks-190-bosch","status":"publish","type":"product","link":"https:\/\/bricoluanda.com\/en\/product\/escovas-carvao-1619p06346-gks-190-bosch\/","title":{"rendered":"ESCOVAS CARV\u00c3O 1619P06346 GKS 190 BOSCH"},"content":{"rendered":"","protected":false},"excerpt":{"rendered":"<ul>\n<li>S\u00c3O UTILIZADA NA CONDU\u00c7\u00c3O EL\u00c9TRICA EM MAQUINAS E FERRAMENTAS<\/li>\n<li>ELAS S\u00c3O COMPOSTAS EM SUA MAIORIA POR CAV\u00c3O CARBONO OU GRAFITE<\/li>\n<li>O DESGASTE \u00c9 NATURAL SENDO ASSIM NECESS\u00c1RIO TROCAR VARIAS VEZES DURANTE A VIDA \u00daTIL DA MAQUINA<\/li>\n<li>MODELO\u00a0 GKS 67\/GKS 190 VOLTAGEM 127V\/220V<\/li>\n<\/ul>\n<p>c\u00f3digo:BOSCH0255<\/p>\n<ul>\n<li class=\"p2\"><\/li>\n<\/ul>","protected":false},"featured_media":22766,"comment_status":"open","ping_status":"closed","template":"","meta":{"iawp_total_views":0},"product_brand":[218],"product_cat":[204],"product_tag":[],"class_list":{"0":"post-22758","1":"product","2":"type-product","3":"status-publish","4":"has-post-thumbnail","6":"product_brand-bosch","7":"product_cat-ferramentas","9":"first","10":"instock","11":"shipping-taxable","12":"purchasable","13":"product-type-simple"},"aioseo_notices":[],"_links":{"self":[{"href":"https:\/\/bricoluanda.com\/en\/wp-json\/wp\/v2\/product\/22758","targetHints":{"allow":["GET"]}}],"collection":[{"href":"https:\/\/bricoluanda.com\/en\/wp-json\/wp\/v2\/product"}],"about":[{"href":"https:\/\/bricoluanda.com\/en\/wp-json\/wp\/v2\/types\/product"}],"replies":[{"embeddable":true,"href":"https:\/\/bricoluanda.com\/en\/wp-json\/wp\/v2\/comments?post=22758"}],"wp:featuredmedia":[{"embeddable":true,"href":"https:\/\/bricoluanda.com\/en\/wp-json\/wp\/v2\/media\/22766"}],"wp:attachment":[{"href":"https:\/\/bricoluanda.com\/en\/wp-json\/wp\/v2\/media?parent=22758"}],"wp:term":[{"taxonomy":"product_brand","embeddable":true,"href":"https:\/\/bricoluanda.com\/en\/wp-json\/wp\/v2\/product_brand?post=22758"},{"taxonomy":"product_cat","embeddable":true,"href":"https:\/\/bricoluanda.com\/en\/wp-json\/wp\/v2\/product_cat?post=22758"},{"taxonomy":"product_tag","embeddable":true,"href":"https:\/\/bricoluanda.com\/en\/wp-json\/wp\/v2\/product_tag?post=22758"}],"curies":[{"name":"wp","href":"https:\/\/api.w.org\/{rel}","templated":true}]}}