{"id":22754,"date":"2026-04-09T09:25:07","date_gmt":"2026-04-09T09:25:07","guid":{"rendered":"https:\/\/bricoluanda.com\/?post_type=product&#038;p=22754"},"modified":"2026-04-09T09:25:07","modified_gmt":"2026-04-09T09:25:07","slug":"slim-tanque-alto-branco-sanitana","status":"publish","type":"product","link":"https:\/\/bricoluanda.com\/en\/product\/slim-tanque-alto-branco-sanitana\/","title":{"rendered":"SLIM TANQUE ALTO BRANCO SANITANA"},"content":{"rendered":"","protected":false},"excerpt":{"rendered":"<p><strong>SLIM TANQUE ALTO BRANCO SANITANA<\/strong><\/p>\n<ul>\n<li>TANQUE ALTO SLIM DA SANITANA EM PL\u00c1STICO<\/li>\n<li>ESPECIFICA\u00c7\u00d5ES T\u00c9CNICAS PESO: 2,50 KG<\/li>\n<li>EQUIPADO COM MECANISMO DE DUPLA DESCARGA DE 3\/6 LITROS<\/li>\n<li>DIMENS\u00d5ES PRINCIPAIS: LARGURA: 380MM. ALTURA DO TANQUE: 430MM. PROFUNDIDADE (ESPESSURA): 100MM. AJUSTE DE INSTALA\u00c7\u00c3O (TUBO): * ALTURA AJUST\u00c1VEL ENTRE O M\u00cdNIMO DE 120MM E O M\u00c1XIMO DE 580MM<\/li>\n<li>PROFUNDIDADE DE LIGA\u00c7\u00c3O \u00c0 SANITA AJUST\u00c1VEL ENTRE 50MM E 240MM<\/li>\n<li>COMPONENTES INCLU\u00cdDOS: KIT DE FIXA\u00c7\u00c3O. MECANISMO DE DUPLA DESCARGA<\/li>\n<\/ul>\n<p>c\u00f3digo: SANITANA0393<\/p>","protected":false},"featured_media":22757,"comment_status":"open","ping_status":"closed","template":"","meta":{"iawp_total_views":0},"product_brand":[215],"product_cat":[75],"product_tag":[],"class_list":{"0":"post-22754","1":"product","2":"type-product","3":"status-publish","4":"has-post-thumbnail","6":"product_brand-sanitana","7":"product_cat-sanitas-e-bide","9":"first","10":"instock","11":"shipping-taxable","12":"purchasable","13":"product-type-simple"},"aioseo_notices":[],"_links":{"self":[{"href":"https:\/\/bricoluanda.com\/en\/wp-json\/wp\/v2\/product\/22754","targetHints":{"allow":["GET"]}}],"collection":[{"href":"https:\/\/bricoluanda.com\/en\/wp-json\/wp\/v2\/product"}],"about":[{"href":"https:\/\/bricoluanda.com\/en\/wp-json\/wp\/v2\/types\/product"}],"replies":[{"embeddable":true,"href":"https:\/\/bricoluanda.com\/en\/wp-json\/wp\/v2\/comments?post=22754"}],"wp:featuredmedia":[{"embeddable":true,"href":"https:\/\/bricoluanda.com\/en\/wp-json\/wp\/v2\/media\/22757"}],"wp:attachment":[{"href":"https:\/\/bricoluanda.com\/en\/wp-json\/wp\/v2\/media?parent=22754"}],"wp:term":[{"taxonomy":"product_brand","embeddable":true,"href":"https:\/\/bricoluanda.com\/en\/wp-json\/wp\/v2\/product_brand?post=22754"},{"taxonomy":"product_cat","embeddable":true,"href":"https:\/\/bricoluanda.com\/en\/wp-json\/wp\/v2\/product_cat?post=22754"},{"taxonomy":"product_tag","embeddable":true,"href":"https:\/\/bricoluanda.com\/en\/wp-json\/wp\/v2\/product_tag?post=22754"}],"curies":[{"name":"wp","href":"https:\/\/api.w.org\/{rel}","templated":true}]}}