{"id":22711,"date":"2026-04-08T15:16:52","date_gmt":"2026-04-08T15:16:52","guid":{"rendered":"https:\/\/bricoluanda.com\/?post_type=product&#038;p=22711"},"modified":"2026-04-08T15:16:52","modified_gmt":"2026-04-08T15:16:52","slug":"kit-de-pes-de-banheira-sanitana","status":"publish","type":"product","link":"https:\/\/bricoluanda.com\/en\/product\/kit-de-pes-de-banheira-sanitana\/","title":{"rendered":"KIT DE P\u00c9S DE BANHEIRA SANITANA"},"content":{"rendered":"","protected":false},"excerpt":{"rendered":"<p><strong>KIT DE P\u00c9S DE BANHEIRA SANITANA<\/strong><\/p>\n<ul>\n<li>EM METAL DE POUSAR COMPAT\u00cdVEL COM BANHEIRAS ACR\u00cdLICAS<\/li>\n<li>VITA, CUBIC, ROSARIO, CAROLINA E NEXO COM 800MM DE LARGURA<\/li>\n<li>NA EMBALAGEM: P\u00c9S DE SUPORTE E KIT DE FIXA\u00c7\u00c3O<\/li>\n<\/ul>\n<p>c\u00f3digo :SANITANA0123<\/p>","protected":false},"featured_media":22721,"comment_status":"open","ping_status":"closed","template":"","meta":{"iawp_total_views":1},"product_brand":[215],"product_cat":[74],"product_tag":[],"class_list":{"0":"post-22711","1":"product","2":"type-product","3":"status-publish","4":"has-post-thumbnail","6":"product_brand-sanitana","7":"product_cat-acessorios-e-espacos-publicos","9":"first","10":"instock","11":"shipping-taxable","12":"purchasable","13":"product-type-simple"},"aioseo_notices":[],"_links":{"self":[{"href":"https:\/\/bricoluanda.com\/en\/wp-json\/wp\/v2\/product\/22711","targetHints":{"allow":["GET"]}}],"collection":[{"href":"https:\/\/bricoluanda.com\/en\/wp-json\/wp\/v2\/product"}],"about":[{"href":"https:\/\/bricoluanda.com\/en\/wp-json\/wp\/v2\/types\/product"}],"replies":[{"embeddable":true,"href":"https:\/\/bricoluanda.com\/en\/wp-json\/wp\/v2\/comments?post=22711"}],"wp:featuredmedia":[{"embeddable":true,"href":"https:\/\/bricoluanda.com\/en\/wp-json\/wp\/v2\/media\/22721"}],"wp:attachment":[{"href":"https:\/\/bricoluanda.com\/en\/wp-json\/wp\/v2\/media?parent=22711"}],"wp:term":[{"taxonomy":"product_brand","embeddable":true,"href":"https:\/\/bricoluanda.com\/en\/wp-json\/wp\/v2\/product_brand?post=22711"},{"taxonomy":"product_cat","embeddable":true,"href":"https:\/\/bricoluanda.com\/en\/wp-json\/wp\/v2\/product_cat?post=22711"},{"taxonomy":"product_tag","embeddable":true,"href":"https:\/\/bricoluanda.com\/en\/wp-json\/wp\/v2\/product_tag?post=22711"}],"curies":[{"name":"wp","href":"https:\/\/api.w.org\/{rel}","templated":true}]}}