{"id":22683,"date":"2026-04-08T14:15:45","date_gmt":"2026-04-08T14:15:45","guid":{"rendered":"https:\/\/bricoluanda.com\/?post_type=product&#038;p=22683"},"modified":"2026-04-13T11:38:51","modified_gmt":"2026-04-13T11:38:51","slug":"berbequim-gbm-6re-bosch","status":"publish","type":"product","link":"https:\/\/bricoluanda.com\/en\/product\/berbequim-gbm-6re-bosch\/","title":{"rendered":"BERBEQUIM GBM 6RE BOSCH"},"content":{"rendered":"","protected":false},"excerpt":{"rendered":"<ul>\n<li>O FI\u00c1VEL MOTOR DE 350W E N\u00daMERO MUITO ELEVADO DE ROTA\u00c7\u00d5ES<\/li>\n<li>S\u00c3O IDEAIS PARA PEQUENOS DI\u00c1METROS DE PERFURA\u00c7\u00c3O<\/li>\n<li>PESO REDUZIDO E CORPO COMPACTO QUE PROPORCIONAM COMODIDADE NO MANUSEAMENTO\u00a0 EM PERFURA\u00c7\u00d5ES\u00a0 EM S\u00c9RIE<\/li>\n<li>O VEIO DA BROCA EST\u00c1 FIXO NA CHUMACEIRA ASSEGURANDO ESTABILIDADE DURANTE A OPERA\u00c7\u00c3O E PERMITINDO<\/li>\n<li>PERFURAR COM ALTA PRES\u00c3O<\/li>\n<\/ul>\n<p>c\u00f3digo:BOSCH0257<\/p>","protected":false},"featured_media":22684,"comment_status":"open","ping_status":"closed","template":"","meta":{"iawp_total_views":1},"product_brand":[218],"product_cat":[205],"product_tag":[],"class_list":{"0":"post-22683","1":"product","2":"type-product","3":"status-publish","4":"has-post-thumbnail","6":"product_brand-bosch","7":"product_cat-maquinas","9":"first","10":"instock","11":"shipping-taxable","12":"purchasable","13":"product-type-simple"},"aioseo_notices":[],"_links":{"self":[{"href":"https:\/\/bricoluanda.com\/en\/wp-json\/wp\/v2\/product\/22683","targetHints":{"allow":["GET"]}}],"collection":[{"href":"https:\/\/bricoluanda.com\/en\/wp-json\/wp\/v2\/product"}],"about":[{"href":"https:\/\/bricoluanda.com\/en\/wp-json\/wp\/v2\/types\/product"}],"replies":[{"embeddable":true,"href":"https:\/\/bricoluanda.com\/en\/wp-json\/wp\/v2\/comments?post=22683"}],"wp:featuredmedia":[{"embeddable":true,"href":"https:\/\/bricoluanda.com\/en\/wp-json\/wp\/v2\/media\/22684"}],"wp:attachment":[{"href":"https:\/\/bricoluanda.com\/en\/wp-json\/wp\/v2\/media?parent=22683"}],"wp:term":[{"taxonomy":"product_brand","embeddable":true,"href":"https:\/\/bricoluanda.com\/en\/wp-json\/wp\/v2\/product_brand?post=22683"},{"taxonomy":"product_cat","embeddable":true,"href":"https:\/\/bricoluanda.com\/en\/wp-json\/wp\/v2\/product_cat?post=22683"},{"taxonomy":"product_tag","embeddable":true,"href":"https:\/\/bricoluanda.com\/en\/wp-json\/wp\/v2\/product_tag?post=22683"}],"curies":[{"name":"wp","href":"https:\/\/api.w.org\/{rel}","templated":true}]}}