{"id":22660,"date":"2026-04-08T11:24:19","date_gmt":"2026-04-08T11:24:19","guid":{"rendered":"https:\/\/bricoluanda.com\/?post_type=product&#038;p=22660"},"modified":"2026-04-13T11:54:03","modified_gmt":"2026-04-13T11:54:03","slug":"conjunto-25-pontas-aparafusar-big-bit-bosch","status":"publish","type":"product","link":"https:\/\/bricoluanda.com\/en\/product\/conjunto-25-pontas-aparafusar-big-bit-bosch\/","title":{"rendered":"CONJUNTO 25 PONTAS APARAFUSAR BIG BIT BOSCH"},"content":{"rendered":"","protected":false},"excerpt":{"rendered":"<ul>\n<li class=\"BenefitsAndFeatures_benefitsAndFeaturesTitle__H_0V6\">24 PONTAS DE PARAFUSAR DURADOURAS PARA\u00a0 TODOS\u00a0 OS TIPOS DE TAMANHOS DE PARAFUSO\u00a0 STANDARD<\/li>\n<li>1 SUPORTE MAGN\u00c9TICO UNIVERSAL PARA TROCAS R\u00c1PIDAS E FIXA\u00c7\u00c3O DO PARAFUSO<\/li>\n<li>PR\u00c1TICA EMBALAGEM BIG-BIT TAMB\u00c9M PODE SER USADA COMO APARAFUSADORA MANUAL<\/li>\n<li>ADEQUADAS PARA AS FERRAMENTAS EL\u00c9CTRICAS E PARAFUSADORA MANUAIS COMUNS DE TODAS AS MARCAS<\/li>\n<\/ul>\n<p>c\u00f3digo:BOSCH0357<\/p>","protected":false},"featured_media":22665,"comment_status":"open","ping_status":"closed","template":"","meta":{"iawp_total_views":0},"product_brand":[218],"product_cat":[204],"product_tag":[],"class_list":{"0":"post-22660","1":"product","2":"type-product","3":"status-publish","4":"has-post-thumbnail","6":"product_brand-bosch","7":"product_cat-ferramentas","9":"first","10":"instock","11":"shipping-taxable","12":"purchasable","13":"product-type-simple"},"aioseo_notices":[],"_links":{"self":[{"href":"https:\/\/bricoluanda.com\/en\/wp-json\/wp\/v2\/product\/22660","targetHints":{"allow":["GET"]}}],"collection":[{"href":"https:\/\/bricoluanda.com\/en\/wp-json\/wp\/v2\/product"}],"about":[{"href":"https:\/\/bricoluanda.com\/en\/wp-json\/wp\/v2\/types\/product"}],"replies":[{"embeddable":true,"href":"https:\/\/bricoluanda.com\/en\/wp-json\/wp\/v2\/comments?post=22660"}],"wp:featuredmedia":[{"embeddable":true,"href":"https:\/\/bricoluanda.com\/en\/wp-json\/wp\/v2\/media\/22665"}],"wp:attachment":[{"href":"https:\/\/bricoluanda.com\/en\/wp-json\/wp\/v2\/media?parent=22660"}],"wp:term":[{"taxonomy":"product_brand","embeddable":true,"href":"https:\/\/bricoluanda.com\/en\/wp-json\/wp\/v2\/product_brand?post=22660"},{"taxonomy":"product_cat","embeddable":true,"href":"https:\/\/bricoluanda.com\/en\/wp-json\/wp\/v2\/product_cat?post=22660"},{"taxonomy":"product_tag","embeddable":true,"href":"https:\/\/bricoluanda.com\/en\/wp-json\/wp\/v2\/product_tag?post=22660"}],"curies":[{"name":"wp","href":"https:\/\/api.w.org\/{rel}","templated":true}]}}