{"id":22651,"date":"2026-04-08T11:16:40","date_gmt":"2026-04-08T11:16:40","guid":{"rendered":"https:\/\/bricoluanda.com\/?post_type=product&#038;p=22651"},"modified":"2026-04-08T11:16:40","modified_gmt":"2026-04-08T11:16:40","slug":"bide-glam-de-pousar-sanitana","status":"publish","type":"product","link":"https:\/\/bricoluanda.com\/en\/product\/bide-glam-de-pousar-sanitana\/","title":{"rendered":"BID\u00c9 GLAM DE POUSAR SANITANA"},"content":{"rendered":"","protected":false},"excerpt":{"rendered":"<p><strong>BID\u00c9 GLAM DE POUSAR SANITANA<\/strong><\/p>\n<ul>\n<li>EM CER\u00c2MICA, DE POUSAR (ENCOSTA TOTALMENTE NA PAREDE)<\/li>\n<li>COM FURO PARA TORNEIRA, COM FURO DE N\u00cdVEL<\/li>\n<li>NA EMBALAGEM: BID\u00c9 E KIT DE FIXA\u00c7\u00c3O<\/li>\n<\/ul>\n<p>c\u00f3digo:SANITANA0163<\/p>","protected":false},"featured_media":22654,"comment_status":"open","ping_status":"closed","template":"","meta":{"iawp_total_views":0},"product_brand":[215],"product_cat":[75],"product_tag":[],"class_list":{"0":"post-22651","1":"product","2":"type-product","3":"status-publish","4":"has-post-thumbnail","6":"product_brand-sanitana","7":"product_cat-sanitas-e-bide","9":"first","10":"instock","11":"shipping-taxable","12":"purchasable","13":"product-type-simple"},"aioseo_notices":[],"_links":{"self":[{"href":"https:\/\/bricoluanda.com\/en\/wp-json\/wp\/v2\/product\/22651","targetHints":{"allow":["GET"]}}],"collection":[{"href":"https:\/\/bricoluanda.com\/en\/wp-json\/wp\/v2\/product"}],"about":[{"href":"https:\/\/bricoluanda.com\/en\/wp-json\/wp\/v2\/types\/product"}],"replies":[{"embeddable":true,"href":"https:\/\/bricoluanda.com\/en\/wp-json\/wp\/v2\/comments?post=22651"}],"wp:featuredmedia":[{"embeddable":true,"href":"https:\/\/bricoluanda.com\/en\/wp-json\/wp\/v2\/media\/22654"}],"wp:attachment":[{"href":"https:\/\/bricoluanda.com\/en\/wp-json\/wp\/v2\/media?parent=22651"}],"wp:term":[{"taxonomy":"product_brand","embeddable":true,"href":"https:\/\/bricoluanda.com\/en\/wp-json\/wp\/v2\/product_brand?post=22651"},{"taxonomy":"product_cat","embeddable":true,"href":"https:\/\/bricoluanda.com\/en\/wp-json\/wp\/v2\/product_cat?post=22651"},{"taxonomy":"product_tag","embeddable":true,"href":"https:\/\/bricoluanda.com\/en\/wp-json\/wp\/v2\/product_tag?post=22651"}],"curies":[{"name":"wp","href":"https:\/\/api.w.org\/{rel}","templated":true}]}}