{"id":22629,"date":"2026-04-08T09:53:14","date_gmt":"2026-04-08T09:53:14","guid":{"rendered":"https:\/\/bricoluanda.com\/?post_type=product&#038;p=22629"},"modified":"2026-04-13T12:12:36","modified_gmt":"2026-04-13T12:12:36","slug":"broca-hss-pointte-q-6mm-bosch","status":"publish","type":"product","link":"https:\/\/bricoluanda.com\/en\/product\/broca-hss-pointte-q-6mm-bosch\/","title":{"rendered":"BROCA HSS POINTTEQ 6MM BOSCH"},"content":{"rendered":"","protected":false},"excerpt":{"rendered":"<ul>\n<li>A BROCA PARA METAL HSS POINTTEQ FOI ESPECIALMENTE<\/li>\n<li>DESENVOLVIDA PELA BOSCH PARA PERFU\u00c7\u00c3O EM METAL<\/li>\n<li>ELA CONTA COM PONTA AUTOCENTRANTE QUE\u00a0 PERMITE F\u00c1CIL E R\u00c1PIDO ARRANQUE DE PERFURA\u00c7\u00c3O<\/li>\n<\/ul>\n<p>c\u00f3digo:BOSCH0354<\/p>","protected":false},"featured_media":22633,"comment_status":"open","ping_status":"closed","template":"","meta":{"iawp_total_views":0},"product_brand":[218],"product_cat":[204],"product_tag":[],"class_list":{"0":"post-22629","1":"product","2":"type-product","3":"status-publish","4":"has-post-thumbnail","6":"product_brand-bosch","7":"product_cat-ferramentas","9":"first","10":"instock","11":"shipping-taxable","12":"purchasable","13":"product-type-simple"},"aioseo_notices":[],"_links":{"self":[{"href":"https:\/\/bricoluanda.com\/en\/wp-json\/wp\/v2\/product\/22629","targetHints":{"allow":["GET"]}}],"collection":[{"href":"https:\/\/bricoluanda.com\/en\/wp-json\/wp\/v2\/product"}],"about":[{"href":"https:\/\/bricoluanda.com\/en\/wp-json\/wp\/v2\/types\/product"}],"replies":[{"embeddable":true,"href":"https:\/\/bricoluanda.com\/en\/wp-json\/wp\/v2\/comments?post=22629"}],"wp:featuredmedia":[{"embeddable":true,"href":"https:\/\/bricoluanda.com\/en\/wp-json\/wp\/v2\/media\/22633"}],"wp:attachment":[{"href":"https:\/\/bricoluanda.com\/en\/wp-json\/wp\/v2\/media?parent=22629"}],"wp:term":[{"taxonomy":"product_brand","embeddable":true,"href":"https:\/\/bricoluanda.com\/en\/wp-json\/wp\/v2\/product_brand?post=22629"},{"taxonomy":"product_cat","embeddable":true,"href":"https:\/\/bricoluanda.com\/en\/wp-json\/wp\/v2\/product_cat?post=22629"},{"taxonomy":"product_tag","embeddable":true,"href":"https:\/\/bricoluanda.com\/en\/wp-json\/wp\/v2\/product_tag?post=22629"}],"curies":[{"name":"wp","href":"https:\/\/api.w.org\/{rel}","templated":true}]}}