{"id":22626,"date":"2026-04-08T09:28:12","date_gmt":"2026-04-08T09:28:12","guid":{"rendered":"https:\/\/bricoluanda.com\/?post_type=product&#038;p=22626"},"modified":"2026-04-08T09:35:22","modified_gmt":"2026-04-08T09:35:22","slug":"lodge-arctic-pine-9070c5-22-5x90-aleluia","status":"publish","type":"product","link":"https:\/\/bricoluanda.com\/en\/product\/lodge-arctic-pine-9070c5-22-5x90-aleluia\/","title":{"rendered":"LODGE ARCTIC PINE 9070C5 22.05X90 ALELUIA"},"content":{"rendered":"","protected":false},"excerpt":{"rendered":"<p>VENDA POR METRO QUADRADO (M2)<\/p>\n<ul>\n<li>RECOMENDADO PARA PAVIMENTOS E REVESTIMENTOS DE ESPA\u00c7OS RESIDENCIAIS INTERIORES OU ESPA\u00c7OS COMERCIAIS DE ALTO TR\u00c1FEGO \/ CH\u00c3O-PAREDE<\/li>\n<li>TAMANHO: 22.05X90 RECTIFICADO<\/li>\n<li>SUPERF\u00cdCIE COM ASPETO MATE<\/li>\n<li>ESPESSURA: 10MM<\/li>\n<li>MARCA: ALELUIA<\/li>\n<\/ul>\n<p>c\u00f3digo: ALELUIA 0049<\/p>","protected":false},"featured_media":22632,"comment_status":"open","ping_status":"closed","template":"","meta":{"iawp_total_views":0},"product_brand":[230],"product_cat":[115],"product_tag":[],"class_list":{"0":"post-22626","1":"product","2":"type-product","3":"status-publish","4":"has-post-thumbnail","6":"product_brand-aleluia","7":"product_cat-pavimentos-e-revestimentos","9":"first","10":"instock","11":"shipping-taxable","12":"purchasable","13":"product-type-simple"},"aioseo_notices":[],"_links":{"self":[{"href":"https:\/\/bricoluanda.com\/en\/wp-json\/wp\/v2\/product\/22626","targetHints":{"allow":["GET"]}}],"collection":[{"href":"https:\/\/bricoluanda.com\/en\/wp-json\/wp\/v2\/product"}],"about":[{"href":"https:\/\/bricoluanda.com\/en\/wp-json\/wp\/v2\/types\/product"}],"replies":[{"embeddable":true,"href":"https:\/\/bricoluanda.com\/en\/wp-json\/wp\/v2\/comments?post=22626"}],"wp:featuredmedia":[{"embeddable":true,"href":"https:\/\/bricoluanda.com\/en\/wp-json\/wp\/v2\/media\/22632"}],"wp:attachment":[{"href":"https:\/\/bricoluanda.com\/en\/wp-json\/wp\/v2\/media?parent=22626"}],"wp:term":[{"taxonomy":"product_brand","embeddable":true,"href":"https:\/\/bricoluanda.com\/en\/wp-json\/wp\/v2\/product_brand?post=22626"},{"taxonomy":"product_cat","embeddable":true,"href":"https:\/\/bricoluanda.com\/en\/wp-json\/wp\/v2\/product_cat?post=22626"},{"taxonomy":"product_tag","embeddable":true,"href":"https:\/\/bricoluanda.com\/en\/wp-json\/wp\/v2\/product_tag?post=22626"}],"curies":[{"name":"wp","href":"https:\/\/api.w.org\/{rel}","templated":true}]}}