{"id":22616,"date":"2026-04-08T09:18:19","date_gmt":"2026-04-08T09:18:19","guid":{"rendered":"https:\/\/bricoluanda.com\/?post_type=product&#038;p=22616"},"modified":"2026-04-13T12:19:22","modified_gmt":"2026-04-13T12:19:22","slug":"broca-sds-plus-0-5x0-5x110-bosch","status":"publish","type":"product","link":"https:\/\/bricoluanda.com\/en\/product\/broca-sds-plus-0-5x0-5x110-bosch\/","title":{"rendered":"BROCA SDS-PLUS 0.5X0.5X110 BOSCH"},"content":{"rendered":"","protected":false},"excerpt":{"rendered":"<ul>\n<li>BROCA SDS PLUS-1 EST\u00c1 OTIMIZADA PARA PERFURAR BET\u00c3O<\/li>\n<li>O REVESTIMENTO DE CARBONATO DE TUGST\u00c9NIO 2 ARESTAS<\/li>\n<li>TORNA A BROCA MAIS RESISTENTES O DESIGN EM FORMA DE U<\/li>\n<li>COM 2 ESPIRAIS OFERECE REMO\u00c7\u00c3O DO P\u00d3 EFICAZ E DURA\u00c7\u00c3O STANDARD<\/li>\n<li>COMPT\u00cdVEL COM TODOS OS MARTELOS PERFURADOR SDS PLUS<\/li>\n<\/ul>\n<p>c\u00f3digo:BOSCH0353<\/p>","protected":false},"featured_media":22624,"comment_status":"open","ping_status":"closed","template":"","meta":{"iawp_total_views":0},"product_brand":[218],"product_cat":[204],"product_tag":[],"class_list":{"0":"post-22616","1":"product","2":"type-product","3":"status-publish","4":"has-post-thumbnail","6":"product_brand-bosch","7":"product_cat-ferramentas","9":"first","10":"instock","11":"shipping-taxable","12":"purchasable","13":"product-type-simple"},"aioseo_notices":[],"_links":{"self":[{"href":"https:\/\/bricoluanda.com\/en\/wp-json\/wp\/v2\/product\/22616","targetHints":{"allow":["GET"]}}],"collection":[{"href":"https:\/\/bricoluanda.com\/en\/wp-json\/wp\/v2\/product"}],"about":[{"href":"https:\/\/bricoluanda.com\/en\/wp-json\/wp\/v2\/types\/product"}],"replies":[{"embeddable":true,"href":"https:\/\/bricoluanda.com\/en\/wp-json\/wp\/v2\/comments?post=22616"}],"wp:featuredmedia":[{"embeddable":true,"href":"https:\/\/bricoluanda.com\/en\/wp-json\/wp\/v2\/media\/22624"}],"wp:attachment":[{"href":"https:\/\/bricoluanda.com\/en\/wp-json\/wp\/v2\/media?parent=22616"}],"wp:term":[{"taxonomy":"product_brand","embeddable":true,"href":"https:\/\/bricoluanda.com\/en\/wp-json\/wp\/v2\/product_brand?post=22616"},{"taxonomy":"product_cat","embeddable":true,"href":"https:\/\/bricoluanda.com\/en\/wp-json\/wp\/v2\/product_cat?post=22616"},{"taxonomy":"product_tag","embeddable":true,"href":"https:\/\/bricoluanda.com\/en\/wp-json\/wp\/v2\/product_tag?post=22616"}],"curies":[{"name":"wp","href":"https:\/\/api.w.org\/{rel}","templated":true}]}}