{"id":22613,"date":"2026-04-08T09:04:24","date_gmt":"2026-04-08T09:04:24","guid":{"rendered":"https:\/\/bricoluanda.com\/?post_type=product&#038;p=22613"},"modified":"2026-04-08T09:04:24","modified_gmt":"2026-04-08T09:04:24","slug":"lampada-led-e27-18w-cidax","status":"publish","type":"product","link":"https:\/\/bricoluanda.com\/en\/product\/lampada-led-e27-18w-cidax\/","title":{"rendered":"LAMPADA LED E27 18W CIDAX"},"content":{"rendered":"","protected":false},"excerpt":{"rendered":"<ul>\n<li>a l\u00e2mpada led de 18w cidax \u00e9 um modelo tipo bulbo projetado para substituir l\u00e2mpadas incandescentes ou fluorescentes oferecendo maior efici\u00eancia energ\u00e9tica e longa durabilidade<\/li>\n<\/ul>\n<p>c\u00f3digo:CIDAX0019<\/p>","protected":false},"featured_media":22617,"comment_status":"open","ping_status":"closed","template":"","meta":{"iawp_total_views":1},"product_brand":[225],"product_cat":[206],"product_tag":[],"class_list":{"0":"post-22613","1":"product","2":"type-product","3":"status-publish","4":"has-post-thumbnail","6":"product_brand-cidax","7":"product_cat-material-eletrico","9":"first","10":"instock","11":"shipping-taxable","12":"purchasable","13":"product-type-simple"},"aioseo_notices":[],"_links":{"self":[{"href":"https:\/\/bricoluanda.com\/en\/wp-json\/wp\/v2\/product\/22613","targetHints":{"allow":["GET"]}}],"collection":[{"href":"https:\/\/bricoluanda.com\/en\/wp-json\/wp\/v2\/product"}],"about":[{"href":"https:\/\/bricoluanda.com\/en\/wp-json\/wp\/v2\/types\/product"}],"replies":[{"embeddable":true,"href":"https:\/\/bricoluanda.com\/en\/wp-json\/wp\/v2\/comments?post=22613"}],"wp:featuredmedia":[{"embeddable":true,"href":"https:\/\/bricoluanda.com\/en\/wp-json\/wp\/v2\/media\/22617"}],"wp:attachment":[{"href":"https:\/\/bricoluanda.com\/en\/wp-json\/wp\/v2\/media?parent=22613"}],"wp:term":[{"taxonomy":"product_brand","embeddable":true,"href":"https:\/\/bricoluanda.com\/en\/wp-json\/wp\/v2\/product_brand?post=22613"},{"taxonomy":"product_cat","embeddable":true,"href":"https:\/\/bricoluanda.com\/en\/wp-json\/wp\/v2\/product_cat?post=22613"},{"taxonomy":"product_tag","embeddable":true,"href":"https:\/\/bricoluanda.com\/en\/wp-json\/wp\/v2\/product_tag?post=22613"}],"curies":[{"name":"wp","href":"https:\/\/api.w.org\/{rel}","templated":true}]}}