{"id":22603,"date":"2026-04-07T15:21:08","date_gmt":"2026-04-07T15:21:08","guid":{"rendered":"https:\/\/bricoluanda.com\/?post_type=product&#038;p=22603"},"modified":"2026-04-13T12:30:59","modified_gmt":"2026-04-13T12:30:59","slug":"broca-hss-co-5mm-bosch","status":"publish","type":"product","link":"https:\/\/bricoluanda.com\/en\/product\/broca-hss-co-5mm-bosch\/","title":{"rendered":"BROCA HSS-CO 5MM BOSCH"},"content":{"rendered":"","protected":false},"excerpt":{"rendered":"<ul>\n<li class=\"gs_p\">\u00c9 PROJETADA PARA PERFURA\u00c7\u00c3O EM A\u00c7O<\/li>\n<li>INOXID\u00c1VEL FERRO FUNDIDO E A\u00c7O RESISTENTE AO CALOR<\/li>\n<li class=\"gs_p\"><span class=\"gs_tkn\">DI\u00c3METRO\u00a0 <\/span><span class=\"gs_tkn\">5MM<\/span><\/li>\n<li>COMPRIMENTO \u00daTIL 52MM<\/li>\n<li>COMPRIMENTO TOTAL 86MM<\/li>\n<\/ul>\n<p>c\u00f3digo:BOSCH0351<\/p>","protected":false},"featured_media":22604,"comment_status":"open","ping_status":"closed","template":"","meta":{"iawp_total_views":0},"product_brand":[218],"product_cat":[204],"product_tag":[],"class_list":{"0":"post-22603","1":"product","2":"type-product","3":"status-publish","4":"has-post-thumbnail","6":"product_brand-bosch","7":"product_cat-ferramentas","9":"first","10":"instock","11":"shipping-taxable","12":"purchasable","13":"product-type-simple"},"aioseo_notices":[],"_links":{"self":[{"href":"https:\/\/bricoluanda.com\/en\/wp-json\/wp\/v2\/product\/22603","targetHints":{"allow":["GET"]}}],"collection":[{"href":"https:\/\/bricoluanda.com\/en\/wp-json\/wp\/v2\/product"}],"about":[{"href":"https:\/\/bricoluanda.com\/en\/wp-json\/wp\/v2\/types\/product"}],"replies":[{"embeddable":true,"href":"https:\/\/bricoluanda.com\/en\/wp-json\/wp\/v2\/comments?post=22603"}],"wp:featuredmedia":[{"embeddable":true,"href":"https:\/\/bricoluanda.com\/en\/wp-json\/wp\/v2\/media\/22604"}],"wp:attachment":[{"href":"https:\/\/bricoluanda.com\/en\/wp-json\/wp\/v2\/media?parent=22603"}],"wp:term":[{"taxonomy":"product_brand","embeddable":true,"href":"https:\/\/bricoluanda.com\/en\/wp-json\/wp\/v2\/product_brand?post=22603"},{"taxonomy":"product_cat","embeddable":true,"href":"https:\/\/bricoluanda.com\/en\/wp-json\/wp\/v2\/product_cat?post=22603"},{"taxonomy":"product_tag","embeddable":true,"href":"https:\/\/bricoluanda.com\/en\/wp-json\/wp\/v2\/product_tag?post=22603"}],"curies":[{"name":"wp","href":"https:\/\/api.w.org\/{rel}","templated":true}]}}