{"id":22599,"date":"2026-04-07T14:49:21","date_gmt":"2026-04-07T14:49:21","guid":{"rendered":"https:\/\/bricoluanda.com\/?post_type=product&#038;p=22599"},"modified":"2026-04-07T14:54:09","modified_gmt":"2026-04-07T14:54:09","slug":"branco-neve-59-7x59-7-pavigres","status":"publish","type":"product","link":"https:\/\/bricoluanda.com\/en\/product\/branco-neve-59-7x59-7-pavigres\/","title":{"rendered":"BRANCO NEVE 59.7X59.7 PAVIGRES"},"content":{"rendered":"","protected":false},"excerpt":{"rendered":"<p>VENDA POR METRO QUADRADO (M2)<\/p>\n<ul>\n<li>RECOMENDADO PARA PAVIMENTOS DE ESPA\u00c7OS RESIDENCIAIS INTERIORES OU ESPA\u00c7OS COMERCIAIS DE M\u00c9DIO\/ALTO TR\u00c1FEGO \/ CH\u00c3O<\/li>\n<li>TAMANHO: 59.7X59.7 RECTIFICADO<\/li>\n<li>SUPERF\u00cdCIE COM ASPETO MATE<\/li>\n<li>ESPESSURA: 9MM<\/li>\n<li>MARCA: PAVIGRES<\/li>\n<\/ul>\n<p>c\u00f3digo: PAVIG0049 LT: B002-25<\/p>\n<p style=\"padding-left: 80px;\">PAVIG0050 LT:X-13-24<\/p>\n<p style=\"padding-left: 80px;\">PAVIG0051 LT:X-41-23<\/p>","protected":false},"featured_media":22602,"comment_status":"open","ping_status":"closed","template":"","meta":{"iawp_total_views":0},"product_brand":[229],"product_cat":[115],"product_tag":[],"class_list":{"0":"post-22599","1":"product","2":"type-product","3":"status-publish","4":"has-post-thumbnail","6":"product_brand-pavigres","7":"product_cat-pavimentos-e-revestimentos","9":"first","10":"instock","11":"shipping-taxable","12":"purchasable","13":"product-type-simple"},"aioseo_notices":[],"_links":{"self":[{"href":"https:\/\/bricoluanda.com\/en\/wp-json\/wp\/v2\/product\/22599","targetHints":{"allow":["GET"]}}],"collection":[{"href":"https:\/\/bricoluanda.com\/en\/wp-json\/wp\/v2\/product"}],"about":[{"href":"https:\/\/bricoluanda.com\/en\/wp-json\/wp\/v2\/types\/product"}],"replies":[{"embeddable":true,"href":"https:\/\/bricoluanda.com\/en\/wp-json\/wp\/v2\/comments?post=22599"}],"wp:featuredmedia":[{"embeddable":true,"href":"https:\/\/bricoluanda.com\/en\/wp-json\/wp\/v2\/media\/22602"}],"wp:attachment":[{"href":"https:\/\/bricoluanda.com\/en\/wp-json\/wp\/v2\/media?parent=22599"}],"wp:term":[{"taxonomy":"product_brand","embeddable":true,"href":"https:\/\/bricoluanda.com\/en\/wp-json\/wp\/v2\/product_brand?post=22599"},{"taxonomy":"product_cat","embeddable":true,"href":"https:\/\/bricoluanda.com\/en\/wp-json\/wp\/v2\/product_cat?post=22599"},{"taxonomy":"product_tag","embeddable":true,"href":"https:\/\/bricoluanda.com\/en\/wp-json\/wp\/v2\/product_tag?post=22599"}],"curies":[{"name":"wp","href":"https:\/\/api.w.org\/{rel}","templated":true}]}}