{"id":22590,"date":"2026-04-07T14:23:58","date_gmt":"2026-04-07T14:23:58","guid":{"rendered":"https:\/\/bricoluanda.com\/?post_type=product&#038;p=22590"},"modified":"2026-04-07T14:23:58","modified_gmt":"2026-04-07T14:23:58","slug":"electrodo-2-5x350mm-apollo-super","status":"publish","type":"product","link":"https:\/\/bricoluanda.com\/en\/product\/electrodo-2-5x350mm-apollo-super\/","title":{"rendered":"ELECTRODO 2.5X350MM APOLLO SUPER"},"content":{"rendered":"","protected":false},"excerpt":{"rendered":"<ul>\n<li>O Electr\u00f3do apollo Super para a\u00e7o de carbono \u00e9 um eletrodo de revestimento rutilo desenvolvido para soldadura<\/li>\n<li>universal em a\u00e7os n\u00e3o ligados destaca-se pela excelente estabilidade de arco proporcionando uma soldadura suave com cord\u00e3o uniforme e acabamento limpo<\/li>\n<\/ul>\n<p>c\u00f3digo: CIDAX0026<\/p>","protected":false},"featured_media":22595,"comment_status":"open","ping_status":"closed","template":"","meta":{"iawp_total_views":0},"product_brand":[225],"product_cat":[204],"product_tag":[],"class_list":{"0":"post-22590","1":"product","2":"type-product","3":"status-publish","4":"has-post-thumbnail","6":"product_brand-cidax","7":"product_cat-ferramentas","9":"first","10":"instock","11":"shipping-taxable","12":"purchasable","13":"product-type-simple"},"aioseo_notices":[],"_links":{"self":[{"href":"https:\/\/bricoluanda.com\/en\/wp-json\/wp\/v2\/product\/22590","targetHints":{"allow":["GET"]}}],"collection":[{"href":"https:\/\/bricoluanda.com\/en\/wp-json\/wp\/v2\/product"}],"about":[{"href":"https:\/\/bricoluanda.com\/en\/wp-json\/wp\/v2\/types\/product"}],"replies":[{"embeddable":true,"href":"https:\/\/bricoluanda.com\/en\/wp-json\/wp\/v2\/comments?post=22590"}],"wp:featuredmedia":[{"embeddable":true,"href":"https:\/\/bricoluanda.com\/en\/wp-json\/wp\/v2\/media\/22595"}],"wp:attachment":[{"href":"https:\/\/bricoluanda.com\/en\/wp-json\/wp\/v2\/media?parent=22590"}],"wp:term":[{"taxonomy":"product_brand","embeddable":true,"href":"https:\/\/bricoluanda.com\/en\/wp-json\/wp\/v2\/product_brand?post=22590"},{"taxonomy":"product_cat","embeddable":true,"href":"https:\/\/bricoluanda.com\/en\/wp-json\/wp\/v2\/product_cat?post=22590"},{"taxonomy":"product_tag","embeddable":true,"href":"https:\/\/bricoluanda.com\/en\/wp-json\/wp\/v2\/product_tag?post=22590"}],"curies":[{"name":"wp","href":"https:\/\/api.w.org\/{rel}","templated":true}]}}