{"id":22586,"date":"2026-04-07T13:57:17","date_gmt":"2026-04-07T13:57:17","guid":{"rendered":"https:\/\/bricoluanda.com\/?post_type=product&#038;p=22586"},"modified":"2026-04-07T13:57:17","modified_gmt":"2026-04-07T13:57:17","slug":"calacata-branco-59-7x59-7-pavigres","status":"publish","type":"product","link":"https:\/\/bricoluanda.com\/en\/product\/calacata-branco-59-7x59-7-pavigres\/","title":{"rendered":"CALACATA BRANCO 59.7X59.7 PAVIGRES"},"content":{"rendered":"","protected":false},"excerpt":{"rendered":"<p>VENDA POR METRO QUADRADO (M2)<\/p>\n<ul>\n<li>RECOMENDADO PARA PAVIMENTOS DE ESPA\u00c7OS RESIDENCIAIS INTERIORES OU ESPA\u00c7OS COMERCIAIS DE M\u00c9DIO\/ALTO TR\u00c1FEGO \/ CH\u00c3O<\/li>\n<li>TAMANHO: 59.7X59.7 RECTIFICADO<\/li>\n<li>SUPERF\u00cdCIE COM ASPETO BRILHANTE<\/li>\n<li>EFEITO TIPO M\u00c1RMORE<\/li>\n<li>ESPESSURA: 9.2MM<\/li>\n<li>MARCA: PAVIGRES<\/li>\n<\/ul>\n<p>c\u00f3digo: PAVIG0041<\/p>","protected":false},"featured_media":22592,"comment_status":"open","ping_status":"closed","template":"","meta":{"iawp_total_views":1},"product_brand":[229],"product_cat":[115],"product_tag":[],"class_list":{"0":"post-22586","1":"product","2":"type-product","3":"status-publish","4":"has-post-thumbnail","6":"product_brand-pavigres","7":"product_cat-pavimentos-e-revestimentos","9":"first","10":"instock","11":"shipping-taxable","12":"purchasable","13":"product-type-simple"},"aioseo_notices":[],"_links":{"self":[{"href":"https:\/\/bricoluanda.com\/en\/wp-json\/wp\/v2\/product\/22586","targetHints":{"allow":["GET"]}}],"collection":[{"href":"https:\/\/bricoluanda.com\/en\/wp-json\/wp\/v2\/product"}],"about":[{"href":"https:\/\/bricoluanda.com\/en\/wp-json\/wp\/v2\/types\/product"}],"replies":[{"embeddable":true,"href":"https:\/\/bricoluanda.com\/en\/wp-json\/wp\/v2\/comments?post=22586"}],"wp:featuredmedia":[{"embeddable":true,"href":"https:\/\/bricoluanda.com\/en\/wp-json\/wp\/v2\/media\/22592"}],"wp:attachment":[{"href":"https:\/\/bricoluanda.com\/en\/wp-json\/wp\/v2\/media?parent=22586"}],"wp:term":[{"taxonomy":"product_brand","embeddable":true,"href":"https:\/\/bricoluanda.com\/en\/wp-json\/wp\/v2\/product_brand?post=22586"},{"taxonomy":"product_cat","embeddable":true,"href":"https:\/\/bricoluanda.com\/en\/wp-json\/wp\/v2\/product_cat?post=22586"},{"taxonomy":"product_tag","embeddable":true,"href":"https:\/\/bricoluanda.com\/en\/wp-json\/wp\/v2\/product_tag?post=22586"}],"curies":[{"name":"wp","href":"https:\/\/api.w.org\/{rel}","templated":true}]}}