{"id":22532,"date":"2026-04-07T09:01:21","date_gmt":"2026-04-07T09:01:21","guid":{"rendered":"https:\/\/bricoluanda.com\/?post_type=product&#038;p=22532"},"modified":"2026-04-13T14:07:47","modified_gmt":"2026-04-13T14:07:47","slug":"disco-corte-inox-125x1mm-standard-bosch","status":"publish","type":"product","link":"https:\/\/bricoluanda.com\/en\/product\/disco-corte-inox-125x1mm-standard-bosch\/","title":{"rendered":"DISCO CORTE INOX 125X1MM STANDARD BOSCH"},"content":{"rendered":"","protected":false},"excerpt":{"rendered":"<ul>\n<li>INDICADO PARA CORTE DE METAIS FERROSOS E NAO FERROSOS, A\u00c7O INOXID\u00c1VEL E FERRO FUNDIDO A\u00c7O INOXID\u00c1VEL<\/li>\n<li>DESTACA-SE PELA LONGA\u00a0 VIDA \u00daTIL E\u00a0 PELA ALTA\u00a0 VELOCIDADE<\/li>\n<li>EXCELENTE\u00a0 RENDIMENTO<\/li>\n<\/ul>\n<p>c\u00f3digo: BOSCH0344<\/p>","protected":false},"featured_media":22537,"comment_status":"open","ping_status":"closed","template":"","meta":{"iawp_total_views":0},"product_brand":[218],"product_cat":[204],"product_tag":[],"class_list":{"0":"post-22532","1":"product","2":"type-product","3":"status-publish","4":"has-post-thumbnail","6":"product_brand-bosch","7":"product_cat-ferramentas","9":"first","10":"instock","11":"shipping-taxable","12":"purchasable","13":"product-type-simple"},"aioseo_notices":[],"_links":{"self":[{"href":"https:\/\/bricoluanda.com\/en\/wp-json\/wp\/v2\/product\/22532","targetHints":{"allow":["GET"]}}],"collection":[{"href":"https:\/\/bricoluanda.com\/en\/wp-json\/wp\/v2\/product"}],"about":[{"href":"https:\/\/bricoluanda.com\/en\/wp-json\/wp\/v2\/types\/product"}],"replies":[{"embeddable":true,"href":"https:\/\/bricoluanda.com\/en\/wp-json\/wp\/v2\/comments?post=22532"}],"wp:featuredmedia":[{"embeddable":true,"href":"https:\/\/bricoluanda.com\/en\/wp-json\/wp\/v2\/media\/22537"}],"wp:attachment":[{"href":"https:\/\/bricoluanda.com\/en\/wp-json\/wp\/v2\/media?parent=22532"}],"wp:term":[{"taxonomy":"product_brand","embeddable":true,"href":"https:\/\/bricoluanda.com\/en\/wp-json\/wp\/v2\/product_brand?post=22532"},{"taxonomy":"product_cat","embeddable":true,"href":"https:\/\/bricoluanda.com\/en\/wp-json\/wp\/v2\/product_cat?post=22532"},{"taxonomy":"product_tag","embeddable":true,"href":"https:\/\/bricoluanda.com\/en\/wp-json\/wp\/v2\/product_tag?post=22532"}],"curies":[{"name":"wp","href":"https:\/\/api.w.org\/{rel}","templated":true}]}}