{"id":22503,"date":"2026-04-06T14:13:22","date_gmt":"2026-04-06T14:13:22","guid":{"rendered":"https:\/\/bricoluanda.com\/?post_type=product&#038;p=22503"},"modified":"2026-04-13T14:18:11","modified_gmt":"2026-04-13T14:18:11","slug":"pincel-curvo-rectangular-cidax","status":"publish","type":"product","link":"https:\/\/bricoluanda.com\/en\/product\/pincel-curvo-rectangular-cidax\/","title":{"rendered":"PINCEL CURVO RECTANGULAR CIDAX"},"content":{"rendered":"","protected":false},"excerpt":{"rendered":"<ul>\n<li><span style=\"color: #000000;\">Cabo de madeira <\/span><\/li>\n<li><span style=\"color: #000000;\">Cerdas em nylon <\/span><\/li>\n<li><span style=\"color: #000000;\">Ideal para caiar ou pintar em ambientes de constru\u00e7\u00e3o c\u00edvil<\/span><\/li>\n<li><span style=\"color: #000000;\">V\u00e1rias cores dispon\u00edveis<\/span><\/li>\n<\/ul>\n<p><span style=\"color: #000000;\">c\u00f3digo:CIDAX0021<\/span><\/p>\n<div class=\"elementor elementor-7816\" data-elementor-type=\"page\" data-elementor-id=\"7816\" data-elementor-post-type=\"elementor_library\">\n<section class=\"elementor-section elementor-top-section elementor-element elementor-element-1e96995a elementor-section-content-middle elementor-reverse-tablet elementor-reverse-mobile elementor-section-boxed elementor-section-height-default elementor-section-height-default\" data-id=\"1e96995a\" data-element_type=\"section\" data-e-type=\"section\">\n<div class=\"elementor-container elementor-column-gap-wide\">\n<div class=\"elementor-column elementor-col-100 elementor-top-column elementor-element elementor-element-9352340\" data-id=\"9352340\" data-element_type=\"column\" data-e-type=\"column\">\n<div class=\"elementor-widget-wrap elementor-element-populated\">\n<div class=\"elementor-element elementor-element-90affd0 elementor-widget elementor-widget-shortcode\" data-id=\"90affd0\" data-element_type=\"widget\" data-e-type=\"widget\" data-widget_type=\"shortcode.default\">\n<div class=\"elementor-widget-container\">\n<div class=\"elementor-shortcode\">\n<div class=\"elementor elementor-7798\" data-elementor-type=\"page\" data-elementor-id=\"7798\" data-elementor-post-type=\"elementor_library\">\n<section class=\"elementor-section elementor-top-section elementor-element elementor-element-1e96995a elementor-section-content-middle elementor-section-boxed elementor-section-height-default elementor-section-height-default\" data-id=\"1e96995a\" data-element_type=\"section\" data-e-type=\"section\">\n<div class=\"elementor-container elementor-column-gap-wide\">\n<div class=\"elementor-column elementor-col-50 elementor-top-column elementor-element elementor-element-15f8f40e\" data-id=\"15f8f40e\" data-element_type=\"column\" data-e-type=\"column\">\n<div class=\"elementor-widget-wrap elementor-element-populated\">\n<div class=\"elementor-element elementor-element-703200d elementor-widget elementor-widget-image\" data-id=\"703200d\" data-element_type=\"widget\" data-e-type=\"widget\" data-widget_type=\"image.default\">\n<div class=\"elementor-widget-container\"><\/div>\n<\/div>\n<\/div>\n<\/div>\n<\/div>\n<\/section>\n<\/div>\n<\/div>\n<\/div>\n<\/div>\n<\/div>\n<\/div>\n<\/div>\n<\/section>\n<\/div>","protected":false},"featured_media":22505,"comment_status":"open","ping_status":"closed","template":"","meta":{"iawp_total_views":3},"product_brand":[225],"product_cat":[204,211],"product_tag":[],"class_list":{"0":"post-22503","1":"product","2":"type-product","3":"status-publish","4":"has-post-thumbnail","6":"product_brand-cidax","7":"product_cat-ferramentas","8":"product_cat-jardim","10":"first","11":"instock","12":"shipping-taxable","13":"purchasable","14":"product-type-simple"},"aioseo_notices":[],"_links":{"self":[{"href":"https:\/\/bricoluanda.com\/en\/wp-json\/wp\/v2\/product\/22503","targetHints":{"allow":["GET"]}}],"collection":[{"href":"https:\/\/bricoluanda.com\/en\/wp-json\/wp\/v2\/product"}],"about":[{"href":"https:\/\/bricoluanda.com\/en\/wp-json\/wp\/v2\/types\/product"}],"replies":[{"embeddable":true,"href":"https:\/\/bricoluanda.com\/en\/wp-json\/wp\/v2\/comments?post=22503"}],"wp:featuredmedia":[{"embeddable":true,"href":"https:\/\/bricoluanda.com\/en\/wp-json\/wp\/v2\/media\/22505"}],"wp:attachment":[{"href":"https:\/\/bricoluanda.com\/en\/wp-json\/wp\/v2\/media?parent=22503"}],"wp:term":[{"taxonomy":"product_brand","embeddable":true,"href":"https:\/\/bricoluanda.com\/en\/wp-json\/wp\/v2\/product_brand?post=22503"},{"taxonomy":"product_cat","embeddable":true,"href":"https:\/\/bricoluanda.com\/en\/wp-json\/wp\/v2\/product_cat?post=22503"},{"taxonomy":"product_tag","embeddable":true,"href":"https:\/\/bricoluanda.com\/en\/wp-json\/wp\/v2\/product_tag?post=22503"}],"curies":[{"name":"wp","href":"https:\/\/api.w.org\/{rel}","templated":true}]}}