{"id":22493,"date":"2026-04-06T14:03:57","date_gmt":"2026-04-06T14:03:57","guid":{"rendered":"https:\/\/bricoluanda.com\/?post_type=product&#038;p=22493"},"modified":"2026-04-06T14:03:57","modified_gmt":"2026-04-06T14:03:57","slug":"cent-lavatorio-55-sanitana","status":"publish","type":"product","link":"https:\/\/bricoluanda.com\/en\/product\/cent-lavatorio-55-sanitana\/","title":{"rendered":"CENT LAVAT\u00d3RIO 55 SANITANA"},"content":{"rendered":"","protected":false},"excerpt":{"rendered":"<p><strong>CENT LAVAT\u00d3RIO 55 SANITANA<\/strong><\/p>\n<ul>\n<li>EM CER\u00c2MICA, MURAL COM FURO PARA TORNEIRA<\/li>\n<li>COM FURO DE N\u00cdVEL, COMPAT\u00cdVEL COM MEIA COLUNA<\/li>\n<li>NA EMBALAGEM: LAVAT\u00d3RIO E KIT DE FIXA\u00c7\u00c3O<\/li>\n<\/ul>\n<p>c\u00f3digo: SANITANA0418<\/p>","protected":false},"featured_media":22501,"comment_status":"open","ping_status":"closed","template":"","meta":{"iawp_total_views":0},"product_brand":[215],"product_cat":[191],"product_tag":[],"class_list":{"0":"post-22493","1":"product","2":"type-product","3":"status-publish","4":"has-post-thumbnail","6":"product_brand-sanitana","7":"product_cat-lavatorios","9":"first","10":"instock","11":"shipping-taxable","12":"purchasable","13":"product-type-simple"},"aioseo_notices":[],"_links":{"self":[{"href":"https:\/\/bricoluanda.com\/en\/wp-json\/wp\/v2\/product\/22493","targetHints":{"allow":["GET"]}}],"collection":[{"href":"https:\/\/bricoluanda.com\/en\/wp-json\/wp\/v2\/product"}],"about":[{"href":"https:\/\/bricoluanda.com\/en\/wp-json\/wp\/v2\/types\/product"}],"replies":[{"embeddable":true,"href":"https:\/\/bricoluanda.com\/en\/wp-json\/wp\/v2\/comments?post=22493"}],"wp:featuredmedia":[{"embeddable":true,"href":"https:\/\/bricoluanda.com\/en\/wp-json\/wp\/v2\/media\/22501"}],"wp:attachment":[{"href":"https:\/\/bricoluanda.com\/en\/wp-json\/wp\/v2\/media?parent=22493"}],"wp:term":[{"taxonomy":"product_brand","embeddable":true,"href":"https:\/\/bricoluanda.com\/en\/wp-json\/wp\/v2\/product_brand?post=22493"},{"taxonomy":"product_cat","embeddable":true,"href":"https:\/\/bricoluanda.com\/en\/wp-json\/wp\/v2\/product_cat?post=22493"},{"taxonomy":"product_tag","embeddable":true,"href":"https:\/\/bricoluanda.com\/en\/wp-json\/wp\/v2\/product_tag?post=22493"}],"curies":[{"name":"wp","href":"https:\/\/api.w.org\/{rel}","templated":true}]}}