{"id":22470,"date":"2026-04-06T11:36:49","date_gmt":"2026-04-06T11:36:49","guid":{"rendered":"https:\/\/bricoluanda.com\/?post_type=product&#038;p=22470"},"modified":"2026-04-13T14:36:43","modified_gmt":"2026-04-13T14:36:43","slug":"joelheira-pu-joekp-10","status":"publish","type":"product","link":"https:\/\/bricoluanda.com\/en\/product\/joelheira-pu-joekp-10\/","title":{"rendered":"JOELHEIRA PU JOEKP 10"},"content":{"rendered":"","protected":false},"excerpt":{"rendered":"<ul>\n<li>POLIURETANO DE ALTA DENSIDADE<\/li>\n<li>PROTEGE E AMORTECE SEU JOELHO<\/li>\n<li>NERVURADO PROJETADO PARA ESTABILIDADE<\/li>\n<li>IMPEDE A ABSOR\u00c7\u00c3O DE \u00c1GUA EM AMBIENTES H\u00daMIDOS<\/li>\n<\/ul>\n<p>c\u00f3digo: MADEIRA0282<\/p>","protected":false},"featured_media":22473,"comment_status":"open","ping_status":"closed","template":"","meta":{"iawp_total_views":2},"product_brand":[228],"product_cat":[204],"product_tag":[],"class_list":{"0":"post-22470","1":"product","2":"type-product","3":"status-publish","4":"has-post-thumbnail","6":"product_brand-mader","7":"product_cat-ferramentas","9":"first","10":"instock","11":"shipping-taxable","12":"purchasable","13":"product-type-simple"},"aioseo_notices":[],"_links":{"self":[{"href":"https:\/\/bricoluanda.com\/en\/wp-json\/wp\/v2\/product\/22470","targetHints":{"allow":["GET"]}}],"collection":[{"href":"https:\/\/bricoluanda.com\/en\/wp-json\/wp\/v2\/product"}],"about":[{"href":"https:\/\/bricoluanda.com\/en\/wp-json\/wp\/v2\/types\/product"}],"replies":[{"embeddable":true,"href":"https:\/\/bricoluanda.com\/en\/wp-json\/wp\/v2\/comments?post=22470"}],"wp:featuredmedia":[{"embeddable":true,"href":"https:\/\/bricoluanda.com\/en\/wp-json\/wp\/v2\/media\/22473"}],"wp:attachment":[{"href":"https:\/\/bricoluanda.com\/en\/wp-json\/wp\/v2\/media?parent=22470"}],"wp:term":[{"taxonomy":"product_brand","embeddable":true,"href":"https:\/\/bricoluanda.com\/en\/wp-json\/wp\/v2\/product_brand?post=22470"},{"taxonomy":"product_cat","embeddable":true,"href":"https:\/\/bricoluanda.com\/en\/wp-json\/wp\/v2\/product_cat?post=22470"},{"taxonomy":"product_tag","embeddable":true,"href":"https:\/\/bricoluanda.com\/en\/wp-json\/wp\/v2\/product_tag?post=22470"}],"curies":[{"name":"wp","href":"https:\/\/api.w.org\/{rel}","templated":true}]}}