{"id":22443,"date":"2026-04-06T10:57:54","date_gmt":"2026-04-06T10:57:54","guid":{"rendered":"https:\/\/bricoluanda.com\/?post_type=product&#038;p=22443"},"modified":"2026-04-06T10:57:54","modified_gmt":"2026-04-06T10:57:54","slug":"atlas-monocomando-lava-louca-sanitana","status":"publish","type":"product","link":"https:\/\/bricoluanda.com\/en\/product\/atlas-monocomando-lava-louca-sanitana\/","title":{"rendered":"ATLAS MONOCOMANDO LAVA-LOU\u00c7A SANITANA"},"content":{"rendered":"","protected":false},"excerpt":{"rendered":"<p><strong>ATLAS MONOCOMANDO LAVA-LOU\u00c7A SANITANA<\/strong><\/p>\n<ul>\n<li>MONOCOMANDO COM FURO PARA TORNEIRA<\/li>\n<li>CARTUCHO DE DISCOS CER\u00c2MICOS (ECOL\u00d3GICO)<\/li>\n<li>PERLATOR N\u00c3O-ORIENT\u00c1VEL. MONOCOMANDO. CORPO BAIXO PIVOTANTE<\/li>\n<li>NA EMBALAGEM: TORNEIRA, LIGA\u00c7\u00d5ES FLEX\u00cdVEIS E KIT DE FIXA\u00c7\u00c3O<\/li>\n<\/ul>\n<p>c\u00f3digo: SANITANA0077<\/p>","protected":false},"featured_media":22453,"comment_status":"open","ping_status":"closed","template":"","meta":{"iawp_total_views":1},"product_brand":[215],"product_cat":[116],"product_tag":[],"class_list":{"0":"post-22443","1":"product","2":"type-product","3":"status-publish","4":"has-post-thumbnail","6":"product_brand-sanitana","7":"product_cat-torneiras","9":"first","10":"instock","11":"shipping-taxable","12":"purchasable","13":"product-type-simple"},"aioseo_notices":[],"_links":{"self":[{"href":"https:\/\/bricoluanda.com\/en\/wp-json\/wp\/v2\/product\/22443","targetHints":{"allow":["GET"]}}],"collection":[{"href":"https:\/\/bricoluanda.com\/en\/wp-json\/wp\/v2\/product"}],"about":[{"href":"https:\/\/bricoluanda.com\/en\/wp-json\/wp\/v2\/types\/product"}],"replies":[{"embeddable":true,"href":"https:\/\/bricoluanda.com\/en\/wp-json\/wp\/v2\/comments?post=22443"}],"wp:featuredmedia":[{"embeddable":true,"href":"https:\/\/bricoluanda.com\/en\/wp-json\/wp\/v2\/media\/22453"}],"wp:attachment":[{"href":"https:\/\/bricoluanda.com\/en\/wp-json\/wp\/v2\/media?parent=22443"}],"wp:term":[{"taxonomy":"product_brand","embeddable":true,"href":"https:\/\/bricoluanda.com\/en\/wp-json\/wp\/v2\/product_brand?post=22443"},{"taxonomy":"product_cat","embeddable":true,"href":"https:\/\/bricoluanda.com\/en\/wp-json\/wp\/v2\/product_cat?post=22443"},{"taxonomy":"product_tag","embeddable":true,"href":"https:\/\/bricoluanda.com\/en\/wp-json\/wp\/v2\/product_tag?post=22443"}],"curies":[{"name":"wp","href":"https:\/\/api.w.org\/{rel}","templated":true}]}}