{"id":22426,"date":"2026-04-06T09:11:33","date_gmt":"2026-04-06T09:11:33","guid":{"rendered":"https:\/\/bricoluanda.com\/?post_type=product&#038;p=22426"},"modified":"2026-04-06T09:11:33","modified_gmt":"2026-04-06T09:11:33","slug":"viva-monocomando-lavatorio-sanitana","status":"publish","type":"product","link":"https:\/\/bricoluanda.com\/en\/product\/viva-monocomando-lavatorio-sanitana\/","title":{"rendered":"VIVA MONOCOMANDO LAVAT\u00d3RIO SANITANA"},"content":{"rendered":"","protected":false},"excerpt":{"rendered":"<p><strong>VIVA MONOCOMANDO LAVAT\u00d3RIO SANITANA<\/strong><\/p>\n<ul>\n<li>MATERIAL LAT\u00c3O CROMADO<\/li>\n<li>CARTUCHO ECOL\u00d3GICO<\/li>\n<li>PERLATOR ORIENTAVEL<\/li>\n<li>LIGA\u00c7\u00d5ES FLEX\u00cdVEIS DE 3\/8 E KIT DE FIXA\u00c7\u00c3O INCLUIDO<\/li>\n<\/ul>\n<p>c\u00f3digo: SANITANA0406<\/p>","protected":false},"featured_media":22429,"comment_status":"open","ping_status":"closed","template":"","meta":{"iawp_total_views":1},"product_brand":[215],"product_cat":[116],"product_tag":[],"class_list":{"0":"post-22426","1":"product","2":"type-product","3":"status-publish","4":"has-post-thumbnail","6":"product_brand-sanitana","7":"product_cat-torneiras","9":"first","10":"instock","11":"shipping-taxable","12":"purchasable","13":"product-type-simple"},"aioseo_notices":[],"_links":{"self":[{"href":"https:\/\/bricoluanda.com\/en\/wp-json\/wp\/v2\/product\/22426","targetHints":{"allow":["GET"]}}],"collection":[{"href":"https:\/\/bricoluanda.com\/en\/wp-json\/wp\/v2\/product"}],"about":[{"href":"https:\/\/bricoluanda.com\/en\/wp-json\/wp\/v2\/types\/product"}],"replies":[{"embeddable":true,"href":"https:\/\/bricoluanda.com\/en\/wp-json\/wp\/v2\/comments?post=22426"}],"wp:featuredmedia":[{"embeddable":true,"href":"https:\/\/bricoluanda.com\/en\/wp-json\/wp\/v2\/media\/22429"}],"wp:attachment":[{"href":"https:\/\/bricoluanda.com\/en\/wp-json\/wp\/v2\/media?parent=22426"}],"wp:term":[{"taxonomy":"product_brand","embeddable":true,"href":"https:\/\/bricoluanda.com\/en\/wp-json\/wp\/v2\/product_brand?post=22426"},{"taxonomy":"product_cat","embeddable":true,"href":"https:\/\/bricoluanda.com\/en\/wp-json\/wp\/v2\/product_cat?post=22426"},{"taxonomy":"product_tag","embeddable":true,"href":"https:\/\/bricoluanda.com\/en\/wp-json\/wp\/v2\/product_tag?post=22426"}],"curies":[{"name":"wp","href":"https:\/\/api.w.org\/{rel}","templated":true}]}}