{"id":22414,"date":"2026-04-02T13:49:13","date_gmt":"2026-04-02T13:49:13","guid":{"rendered":"https:\/\/bricoluanda.com\/?post_type=product&#038;p=22414"},"modified":"2026-04-13T14:44:04","modified_gmt":"2026-04-13T14:44:04","slug":"luva-tipo-chefe-pele-pecol","status":"publish","type":"product","link":"https:\/\/bricoluanda.com\/en\/product\/luva-tipo-chefe-pele-pecol\/","title":{"rendered":"LUVA TIPO CHEFE PELE PECOL"},"content":{"rendered":"","protected":false},"excerpt":{"rendered":"<ul>\n<li>LUVA ADEQUADA PARA MUITAS SITUA\u00c7\u00d5ES DE TRABALHO<\/li>\n<li>FORNECE PROTEC\u00c7\u00c3O M\u00c9DIA CONTRA V\u00c1RIOS RISCOS MEC\u00c3NICOS<\/li>\n<\/ul>\n<p>c\u00f3digo: PECOL0367<\/p>","protected":false},"featured_media":22415,"comment_status":"open","ping_status":"closed","template":"","meta":{"iawp_total_views":3},"product_brand":[227],"product_cat":[204],"product_tag":[],"class_list":{"0":"post-22414","1":"product","2":"type-product","3":"status-publish","4":"has-post-thumbnail","6":"product_brand-pecol","7":"product_cat-ferramentas","9":"first","10":"instock","11":"shipping-taxable","12":"purchasable","13":"product-type-simple"},"aioseo_notices":[],"_links":{"self":[{"href":"https:\/\/bricoluanda.com\/en\/wp-json\/wp\/v2\/product\/22414","targetHints":{"allow":["GET"]}}],"collection":[{"href":"https:\/\/bricoluanda.com\/en\/wp-json\/wp\/v2\/product"}],"about":[{"href":"https:\/\/bricoluanda.com\/en\/wp-json\/wp\/v2\/types\/product"}],"replies":[{"embeddable":true,"href":"https:\/\/bricoluanda.com\/en\/wp-json\/wp\/v2\/comments?post=22414"}],"wp:featuredmedia":[{"embeddable":true,"href":"https:\/\/bricoluanda.com\/en\/wp-json\/wp\/v2\/media\/22415"}],"wp:attachment":[{"href":"https:\/\/bricoluanda.com\/en\/wp-json\/wp\/v2\/media?parent=22414"}],"wp:term":[{"taxonomy":"product_brand","embeddable":true,"href":"https:\/\/bricoluanda.com\/en\/wp-json\/wp\/v2\/product_brand?post=22414"},{"taxonomy":"product_cat","embeddable":true,"href":"https:\/\/bricoluanda.com\/en\/wp-json\/wp\/v2\/product_cat?post=22414"},{"taxonomy":"product_tag","embeddable":true,"href":"https:\/\/bricoluanda.com\/en\/wp-json\/wp\/v2\/product_tag?post=22414"}],"curies":[{"name":"wp","href":"https:\/\/api.w.org\/{rel}","templated":true}]}}