{"id":22396,"date":"2026-04-02T09:44:21","date_gmt":"2026-04-02T09:44:21","guid":{"rendered":"https:\/\/bricoluanda.com\/?post_type=product&#038;p=22396"},"modified":"2026-04-02T09:44:21","modified_gmt":"2026-04-02T09:44:21","slug":"pigmento-grafite-natural-30x30-revigres","status":"publish","type":"product","link":"https:\/\/bricoluanda.com\/en\/product\/pigmento-grafite-natural-30x30-revigres\/","title":{"rendered":"PIGMENTO GRAFITE NATURAL 30X30 REVIGRES"},"content":{"rendered":"","protected":false},"excerpt":{"rendered":"<p>VENDA POR METRO QUADRADO (M2)<\/p>\n<ul>\n<li>RECOMENDADO PARA PAVIMENTOS DE ESPA\u00c7OS RESIDENCIAIS OU ESPA\u00c7OS COMERCIAIS ONDE O N\u00cdVEL DE TR\u00c1FEGO \u00c9 MUITO FORTE \/ CH\u00c3O<\/li>\n<li>TAMANHO: 30X30 RECTIFICADO<\/li>\n<li>SUPERF\u00cdCIE COM ASPETO MATE<\/li>\n<li>ESPESSURA: 7MM<\/li>\n<li>MARCA: REVIGRES<\/li>\n<\/ul>\n<p>c\u00f3digo: REVIGRES0211<\/p>","protected":false},"featured_media":22403,"comment_status":"open","ping_status":"closed","template":"","meta":{"iawp_total_views":2},"product_brand":[223],"product_cat":[203,115],"product_tag":[],"class_list":{"0":"post-22396","1":"product","2":"type-product","3":"status-publish","4":"has-post-thumbnail","6":"product_brand-revigres","7":"product_cat-exterior","8":"product_cat-pavimentos-e-revestimentos","10":"first","11":"instock","12":"shipping-taxable","13":"purchasable","14":"product-type-simple"},"aioseo_notices":[],"_links":{"self":[{"href":"https:\/\/bricoluanda.com\/en\/wp-json\/wp\/v2\/product\/22396","targetHints":{"allow":["GET"]}}],"collection":[{"href":"https:\/\/bricoluanda.com\/en\/wp-json\/wp\/v2\/product"}],"about":[{"href":"https:\/\/bricoluanda.com\/en\/wp-json\/wp\/v2\/types\/product"}],"replies":[{"embeddable":true,"href":"https:\/\/bricoluanda.com\/en\/wp-json\/wp\/v2\/comments?post=22396"}],"wp:featuredmedia":[{"embeddable":true,"href":"https:\/\/bricoluanda.com\/en\/wp-json\/wp\/v2\/media\/22403"}],"wp:attachment":[{"href":"https:\/\/bricoluanda.com\/en\/wp-json\/wp\/v2\/media?parent=22396"}],"wp:term":[{"taxonomy":"product_brand","embeddable":true,"href":"https:\/\/bricoluanda.com\/en\/wp-json\/wp\/v2\/product_brand?post=22396"},{"taxonomy":"product_cat","embeddable":true,"href":"https:\/\/bricoluanda.com\/en\/wp-json\/wp\/v2\/product_cat?post=22396"},{"taxonomy":"product_tag","embeddable":true,"href":"https:\/\/bricoluanda.com\/en\/wp-json\/wp\/v2\/product_tag?post=22396"}],"curies":[{"name":"wp","href":"https:\/\/api.w.org\/{rel}","templated":true}]}}