{"id":22365,"date":"2026-04-01T15:30:01","date_gmt":"2026-04-01T15:30:01","guid":{"rendered":"https:\/\/bricoluanda.com\/?post_type=product&#038;p=22365"},"modified":"2026-04-01T15:30:01","modified_gmt":"2026-04-01T15:30:01","slug":"bloom-torneira-de-encastre-temporizada-para-duche-1-entrada-de-agua-sanitana","status":"publish","type":"product","link":"https:\/\/bricoluanda.com\/en\/product\/bloom-torneira-de-encastre-temporizada-para-duche-1-entrada-de-agua-sanitana\/","title":{"rendered":"BLOOM TORNEIRA DE ENCASTRE TEMPORIZADA PARA DUCHE 1 ENTRADA DE \u00c1GUA SANITANA"},"content":{"rendered":"","protected":false},"excerpt":{"rendered":"<p><strong>BLOOM TORNEIRA DE ENCASTRE TEMPORIZADA PARA DUCHE 1 ENTRADA DE \u00c1GUA SANITANA<\/strong><\/p>\n<ul>\n<li>PARA ENCASTRAR NA PAREDE (DUCHES) CARTUCHO TEMPORIZADO<\/li>\n<li>TEMPO DE ABERTURA DE 20 SEGUNDOS &#8211; MARGEM DE ERRO DE 20%<\/li>\n<li>MONOCOMANDO (ABERTURA POR PRESS\u00c3O) 1 ENTRADA DE \u00c1GUA<\/li>\n<li>PROFUNDIDADE DE INSTALA\u00c7\u00c3O AJUST\u00c1VEL DE 45 A 80MM. NA EMBALAGEM: TORNEIRA<\/li>\n<\/ul>\n<p>c\u00f3digo: SANITANA0441<\/p>","protected":false},"featured_media":22366,"comment_status":"open","ping_status":"closed","template":"","meta":{"iawp_total_views":2},"product_brand":[215],"product_cat":[116],"product_tag":[],"class_list":{"0":"post-22365","1":"product","2":"type-product","3":"status-publish","4":"has-post-thumbnail","6":"product_brand-sanitana","7":"product_cat-torneiras","9":"first","10":"instock","11":"shipping-taxable","12":"purchasable","13":"product-type-simple"},"aioseo_notices":[],"_links":{"self":[{"href":"https:\/\/bricoluanda.com\/en\/wp-json\/wp\/v2\/product\/22365","targetHints":{"allow":["GET"]}}],"collection":[{"href":"https:\/\/bricoluanda.com\/en\/wp-json\/wp\/v2\/product"}],"about":[{"href":"https:\/\/bricoluanda.com\/en\/wp-json\/wp\/v2\/types\/product"}],"replies":[{"embeddable":true,"href":"https:\/\/bricoluanda.com\/en\/wp-json\/wp\/v2\/comments?post=22365"}],"wp:featuredmedia":[{"embeddable":true,"href":"https:\/\/bricoluanda.com\/en\/wp-json\/wp\/v2\/media\/22366"}],"wp:attachment":[{"href":"https:\/\/bricoluanda.com\/en\/wp-json\/wp\/v2\/media?parent=22365"}],"wp:term":[{"taxonomy":"product_brand","embeddable":true,"href":"https:\/\/bricoluanda.com\/en\/wp-json\/wp\/v2\/product_brand?post=22365"},{"taxonomy":"product_cat","embeddable":true,"href":"https:\/\/bricoluanda.com\/en\/wp-json\/wp\/v2\/product_cat?post=22365"},{"taxonomy":"product_tag","embeddable":true,"href":"https:\/\/bricoluanda.com\/en\/wp-json\/wp\/v2\/product_tag?post=22365"}],"curies":[{"name":"wp","href":"https:\/\/api.w.org\/{rel}","templated":true}]}}