{"id":22359,"date":"2026-04-01T15:10:48","date_gmt":"2026-04-01T15:10:48","guid":{"rendered":"https:\/\/bricoluanda.com\/?post_type=product&#038;p=22359"},"modified":"2026-04-01T15:10:48","modified_gmt":"2026-04-01T15:10:48","slug":"sirius-espelho-com-iluminacao-led-80x65-sanitana","status":"publish","type":"product","link":"https:\/\/bricoluanda.com\/en\/product\/sirius-espelho-com-iluminacao-led-80x65-sanitana\/","title":{"rendered":"SIRIUS ESPELHO COM ILUMINA\u00c7\u00c3O LED 80&#215;65 SANITANA"},"content":{"rendered":"","protected":false},"excerpt":{"rendered":"<p><strong>SIRIUS ESPELHO COM ILUMINA\u00c7\u00c3O LED 80&#215;65 SANITANA<\/strong><\/p>\n<ul>\n<li>ESPELHO COM ILUMINA\u00c7\u00c3O LED, RETANGULAR, 80X65<\/li>\n<li>TEMPERATURA DE COR 4000K.<\/li>\n<li>FAIXA DE FOSCAGEM COM ESPESSURA ADAPTADA \u00c0 MEDIDA DO ESPELHO<\/li>\n<li>COM DESEMBACIADOR (LIGA E DESLIGA EM SIMULT\u00c2NEO COM ILUMINA\u00c7\u00c3O)<\/li>\n<li>S\u00d3 PODE SER INSTALADO NA HORIZONTAL<\/li>\n<li>APTO PARA DUPLA TENS\u00c3O: 110V OU 220V. PROTE\u00c7\u00c3O IP44.<\/li>\n<li>NA EMBALAGEM: ESPELHO E KIT DE FIXA\u00c7\u00c3O<\/li>\n<\/ul>\n<p>c\u00f3digo: SANITANA0443<\/p>","protected":false},"featured_media":22360,"comment_status":"open","ping_status":"closed","template":"","meta":{"iawp_total_views":2},"product_brand":[215],"product_cat":[74],"product_tag":[],"class_list":{"0":"post-22359","1":"product","2":"type-product","3":"status-publish","4":"has-post-thumbnail","6":"product_brand-sanitana","7":"product_cat-acessorios-e-espacos-publicos","9":"first","10":"instock","11":"shipping-taxable","12":"purchasable","13":"product-type-simple"},"aioseo_notices":[],"_links":{"self":[{"href":"https:\/\/bricoluanda.com\/en\/wp-json\/wp\/v2\/product\/22359","targetHints":{"allow":["GET"]}}],"collection":[{"href":"https:\/\/bricoluanda.com\/en\/wp-json\/wp\/v2\/product"}],"about":[{"href":"https:\/\/bricoluanda.com\/en\/wp-json\/wp\/v2\/types\/product"}],"replies":[{"embeddable":true,"href":"https:\/\/bricoluanda.com\/en\/wp-json\/wp\/v2\/comments?post=22359"}],"wp:featuredmedia":[{"embeddable":true,"href":"https:\/\/bricoluanda.com\/en\/wp-json\/wp\/v2\/media\/22360"}],"wp:attachment":[{"href":"https:\/\/bricoluanda.com\/en\/wp-json\/wp\/v2\/media?parent=22359"}],"wp:term":[{"taxonomy":"product_brand","embeddable":true,"href":"https:\/\/bricoluanda.com\/en\/wp-json\/wp\/v2\/product_brand?post=22359"},{"taxonomy":"product_cat","embeddable":true,"href":"https:\/\/bricoluanda.com\/en\/wp-json\/wp\/v2\/product_cat?post=22359"},{"taxonomy":"product_tag","embeddable":true,"href":"https:\/\/bricoluanda.com\/en\/wp-json\/wp\/v2\/product_tag?post=22359"}],"curies":[{"name":"wp","href":"https:\/\/api.w.org\/{rel}","templated":true}]}}