{"id":22318,"date":"2026-04-01T09:48:48","date_gmt":"2026-04-01T09:48:48","guid":{"rendered":"https:\/\/bricoluanda.com\/?post_type=product&#038;p=22318"},"modified":"2026-04-13T14:57:47","modified_gmt":"2026-04-13T14:57:47","slug":"carro-mao-desmontavel-roda-pneumetica-65-litros-cidax","status":"publish","type":"product","link":"https:\/\/bricoluanda.com\/en\/product\/carro-mao-desmontavel-roda-pneumetica-65-litros-cidax\/","title":{"rendered":"CARRO M\u00c3O DESMONT\u00c1VEL RODA PNEUM\u00c9TICA 65 LITROS CIDAX"},"content":{"rendered":"","protected":false},"excerpt":{"rendered":"<ul>\n<li>Carro de m\u00e3o desmont\u00e1vel cidax com roda pneum\u00e1tica bandeja met\u00e1lica estrutura em a\u00e7o carbono e pegas antideslizantes<\/li>\n<\/ul>\n<p>c\u00f3digo: CIDAX0005<\/p>","protected":false},"featured_media":22327,"comment_status":"open","ping_status":"closed","template":"","meta":{"iawp_total_views":2},"product_brand":[225],"product_cat":[204],"product_tag":[],"class_list":{"0":"post-22318","1":"product","2":"type-product","3":"status-publish","4":"has-post-thumbnail","6":"product_brand-cidax","7":"product_cat-ferramentas","9":"first","10":"instock","11":"shipping-taxable","12":"purchasable","13":"product-type-simple"},"aioseo_notices":[],"_links":{"self":[{"href":"https:\/\/bricoluanda.com\/en\/wp-json\/wp\/v2\/product\/22318","targetHints":{"allow":["GET"]}}],"collection":[{"href":"https:\/\/bricoluanda.com\/en\/wp-json\/wp\/v2\/product"}],"about":[{"href":"https:\/\/bricoluanda.com\/en\/wp-json\/wp\/v2\/types\/product"}],"replies":[{"embeddable":true,"href":"https:\/\/bricoluanda.com\/en\/wp-json\/wp\/v2\/comments?post=22318"}],"wp:featuredmedia":[{"embeddable":true,"href":"https:\/\/bricoluanda.com\/en\/wp-json\/wp\/v2\/media\/22327"}],"wp:attachment":[{"href":"https:\/\/bricoluanda.com\/en\/wp-json\/wp\/v2\/media?parent=22318"}],"wp:term":[{"taxonomy":"product_brand","embeddable":true,"href":"https:\/\/bricoluanda.com\/en\/wp-json\/wp\/v2\/product_brand?post=22318"},{"taxonomy":"product_cat","embeddable":true,"href":"https:\/\/bricoluanda.com\/en\/wp-json\/wp\/v2\/product_cat?post=22318"},{"taxonomy":"product_tag","embeddable":true,"href":"https:\/\/bricoluanda.com\/en\/wp-json\/wp\/v2\/product_tag?post=22318"}],"curies":[{"name":"wp","href":"https:\/\/api.w.org\/{rel}","templated":true}]}}