{"id":22303,"date":"2026-04-01T07:58:27","date_gmt":"2026-04-01T07:58:27","guid":{"rendered":"https:\/\/bricoluanda.com\/?post_type=product&#038;p=22303"},"modified":"2026-04-01T07:58:27","modified_gmt":"2026-04-01T07:58:27","slug":"termoacumulador-50litros-cidax","status":"publish","type":"product","link":"https:\/\/bricoluanda.com\/en\/product\/termoacumulador-50litros-cidax\/","title":{"rendered":"TERMOACUMULADOR 50LITROS CIDAX"},"content":{"rendered":"","protected":false},"excerpt":{"rendered":"<ul>\n<li>Termoacumulador cidax aquece armazena e mant\u00e9m a temperatura da \u00e1gua para uso<br \/>\ndom\u00e9stico<\/li>\n<li>\u00a0O tanque em a\u00e7o inoxid\u00e1vel \u00e9 isolado termicamente proporcionando \u00e1gua<br \/>\nquente instantaneamente<\/li>\n<\/ul>\n<p>c\u00f3digo: CIDAX0003<\/p>","protected":false},"featured_media":22285,"comment_status":"open","ping_status":"closed","template":"","meta":{"iawp_total_views":2},"product_brand":[225],"product_cat":[74],"product_tag":[],"class_list":{"0":"post-22303","1":"product","2":"type-product","3":"status-publish","4":"has-post-thumbnail","6":"product_brand-cidax","7":"product_cat-acessorios-e-espacos-publicos","9":"first","10":"instock","11":"shipping-taxable","12":"purchasable","13":"product-type-simple"},"aioseo_notices":[],"_links":{"self":[{"href":"https:\/\/bricoluanda.com\/en\/wp-json\/wp\/v2\/product\/22303","targetHints":{"allow":["GET"]}}],"collection":[{"href":"https:\/\/bricoluanda.com\/en\/wp-json\/wp\/v2\/product"}],"about":[{"href":"https:\/\/bricoluanda.com\/en\/wp-json\/wp\/v2\/types\/product"}],"replies":[{"embeddable":true,"href":"https:\/\/bricoluanda.com\/en\/wp-json\/wp\/v2\/comments?post=22303"}],"wp:featuredmedia":[{"embeddable":true,"href":"https:\/\/bricoluanda.com\/en\/wp-json\/wp\/v2\/media\/22285"}],"wp:attachment":[{"href":"https:\/\/bricoluanda.com\/en\/wp-json\/wp\/v2\/media?parent=22303"}],"wp:term":[{"taxonomy":"product_brand","embeddable":true,"href":"https:\/\/bricoluanda.com\/en\/wp-json\/wp\/v2\/product_brand?post=22303"},{"taxonomy":"product_cat","embeddable":true,"href":"https:\/\/bricoluanda.com\/en\/wp-json\/wp\/v2\/product_cat?post=22303"},{"taxonomy":"product_tag","embeddable":true,"href":"https:\/\/bricoluanda.com\/en\/wp-json\/wp\/v2\/product_tag?post=22303"}],"curies":[{"name":"wp","href":"https:\/\/api.w.org\/{rel}","templated":true}]}}