{"id":22271,"date":"2026-03-31T15:13:23","date_gmt":"2026-03-31T15:13:23","guid":{"rendered":"https:\/\/bricoluanda.com\/?post_type=product&#038;p=22271"},"modified":"2026-03-31T15:13:23","modified_gmt":"2026-03-31T15:13:23","slug":"w-light-rule-smog-silk-60x120-revigres","status":"publish","type":"product","link":"https:\/\/bricoluanda.com\/en\/product\/w-light-rule-smog-silk-60x120-revigres\/","title":{"rendered":"W LIGHT RULE SMOG SILK 60X120 REVIGRES"},"content":{"rendered":"","protected":false},"excerpt":{"rendered":"<p>VENDA POR METRO QUADRADO (M2)<\/p>\n<ul>\n<li>RECOMENDADO PARA PAVIMENTOS E REVESTIMENTOS DE ESPA\u00c7OS RESIDENCIAIS INTERIORES OU ESPA\u00c7OS COMERCIAIS DE M\u00c9DIO\/ALTO TR\u00c1FEGO \/ CH\u00c3O-PAREDE<\/li>\n<li>TAMANHO: 60X120 RECTIFICADO<\/li>\n<li>SUPERF\u00cdCIE COM ASPETO MATE COM EFEITO TIPO CIMENTO<\/li>\n<li>ESPESSURA: 6MM<\/li>\n<li>MARCA: REVIGRES<\/li>\n<\/ul>\n<p>c\u00f3digo: REVIGRES0206<\/p>","protected":false},"featured_media":22275,"comment_status":"open","ping_status":"closed","template":"","meta":{"iawp_total_views":1},"product_brand":[223],"product_cat":[203,115],"product_tag":[],"class_list":{"0":"post-22271","1":"product","2":"type-product","3":"status-publish","4":"has-post-thumbnail","6":"product_brand-revigres","7":"product_cat-exterior","8":"product_cat-pavimentos-e-revestimentos","10":"first","11":"instock","12":"shipping-taxable","13":"purchasable","14":"product-type-simple"},"aioseo_notices":[],"_links":{"self":[{"href":"https:\/\/bricoluanda.com\/en\/wp-json\/wp\/v2\/product\/22271","targetHints":{"allow":["GET"]}}],"collection":[{"href":"https:\/\/bricoluanda.com\/en\/wp-json\/wp\/v2\/product"}],"about":[{"href":"https:\/\/bricoluanda.com\/en\/wp-json\/wp\/v2\/types\/product"}],"replies":[{"embeddable":true,"href":"https:\/\/bricoluanda.com\/en\/wp-json\/wp\/v2\/comments?post=22271"}],"wp:featuredmedia":[{"embeddable":true,"href":"https:\/\/bricoluanda.com\/en\/wp-json\/wp\/v2\/media\/22275"}],"wp:attachment":[{"href":"https:\/\/bricoluanda.com\/en\/wp-json\/wp\/v2\/media?parent=22271"}],"wp:term":[{"taxonomy":"product_brand","embeddable":true,"href":"https:\/\/bricoluanda.com\/en\/wp-json\/wp\/v2\/product_brand?post=22271"},{"taxonomy":"product_cat","embeddable":true,"href":"https:\/\/bricoluanda.com\/en\/wp-json\/wp\/v2\/product_cat?post=22271"},{"taxonomy":"product_tag","embeddable":true,"href":"https:\/\/bricoluanda.com\/en\/wp-json\/wp\/v2\/product_tag?post=22271"}],"curies":[{"name":"wp","href":"https:\/\/api.w.org\/{rel}","templated":true}]}}