{"id":22199,"date":"2026-03-31T08:08:11","date_gmt":"2026-03-31T08:08:11","guid":{"rendered":"https:\/\/bricoluanda.com\/?post_type=product&#038;p=22199"},"modified":"2026-03-31T08:08:11","modified_gmt":"2026-03-31T08:08:11","slug":"unuk-espelho-80x40-sanitana","status":"publish","type":"product","link":"https:\/\/bricoluanda.com\/en\/product\/unuk-espelho-80x40-sanitana\/","title":{"rendered":"UNUK ESPELHO 80&#215;40 SANITANA"},"content":{"rendered":"","protected":false},"excerpt":{"rendered":"<p><strong>UNUK ESPELHO 80&#215;40 SANITANA<\/strong><\/p>\n<p>\u2022ESPELHO SIMPLES COM CANTO RECTOS<br \/>\n\u2022ESPESSURA DE\u00a0 4mm<br \/>\n\u2022ARESTAS BISSELADAS<br \/>\n\u2022POSSIBLIDADE DE APLICA\u00c7\u00c3O EM DUAS POSI\u00c7\u00d5ES: Horizontal + vertical<br \/>\n\u2022KIT DE FIXA\u00c7\u00c3O INCLUIDO<\/p>\n<p>c\u00f3digo:SATINATA0475<\/p>","protected":false},"featured_media":22200,"comment_status":"open","ping_status":"closed","template":"","meta":{"iawp_total_views":1},"product_brand":[215],"product_cat":[74],"product_tag":[],"class_list":{"0":"post-22199","1":"product","2":"type-product","3":"status-publish","4":"has-post-thumbnail","6":"product_brand-sanitana","7":"product_cat-acessorios-e-espacos-publicos","9":"first","10":"instock","11":"shipping-taxable","12":"purchasable","13":"product-type-simple"},"aioseo_notices":[],"_links":{"self":[{"href":"https:\/\/bricoluanda.com\/en\/wp-json\/wp\/v2\/product\/22199","targetHints":{"allow":["GET"]}}],"collection":[{"href":"https:\/\/bricoluanda.com\/en\/wp-json\/wp\/v2\/product"}],"about":[{"href":"https:\/\/bricoluanda.com\/en\/wp-json\/wp\/v2\/types\/product"}],"replies":[{"embeddable":true,"href":"https:\/\/bricoluanda.com\/en\/wp-json\/wp\/v2\/comments?post=22199"}],"wp:featuredmedia":[{"embeddable":true,"href":"https:\/\/bricoluanda.com\/en\/wp-json\/wp\/v2\/media\/22200"}],"wp:attachment":[{"href":"https:\/\/bricoluanda.com\/en\/wp-json\/wp\/v2\/media?parent=22199"}],"wp:term":[{"taxonomy":"product_brand","embeddable":true,"href":"https:\/\/bricoluanda.com\/en\/wp-json\/wp\/v2\/product_brand?post=22199"},{"taxonomy":"product_cat","embeddable":true,"href":"https:\/\/bricoluanda.com\/en\/wp-json\/wp\/v2\/product_cat?post=22199"},{"taxonomy":"product_tag","embeddable":true,"href":"https:\/\/bricoluanda.com\/en\/wp-json\/wp\/v2\/product_tag?post=22199"}],"curies":[{"name":"wp","href":"https:\/\/api.w.org\/{rel}","templated":true}]}}