{"id":22146,"date":"2026-03-30T14:50:19","date_gmt":"2026-03-30T14:50:19","guid":{"rendered":"https:\/\/bricoluanda.com\/?post_type=product&#038;p=22146"},"modified":"2026-03-30T14:50:41","modified_gmt":"2026-03-30T14:50:41","slug":"pack-sanita-victoria-roca","status":"publish","type":"product","link":"https:\/\/bricoluanda.com\/en\/product\/pack-sanita-victoria-roca\/","title":{"rendered":"VICTORIA PACK SANITA ROCA"},"content":{"rendered":"","protected":false},"excerpt":{"rendered":"<p>INCLUI SANITA+TANQUE+TAMPO<\/p>\n<ul>\n<li>Comprimento 355 mm<\/li>\n<li>Largura 610 mm<\/li>\n<li>Altura 760 m<\/li>\n<li>Conjunto de fixa\u00e7\u00f5es: Inclu\u00eddo<\/li>\n<li>Encostado \u00e0 parede<\/li>\n<li>Roca Rimless\u00ae<\/li>\n<li>Sistema de descarga: Arraste<\/li>\n<li>Tipo de arco: Rimless<\/li>\n<li>Tipo de instala\u00e7\u00e3o: De p\u00e9<\/li>\n<li>Tipo de sa\u00edda: Dual (vario)<\/li>\n<\/ul>\n<p><strong>Tanque com mecanismo de dupla descarga, <\/strong><strong>alimenta\u00e7\u00e3o inferior 4,5\/3L<\/strong><\/p>\n<ul>\n<li>Comprimento 350 mm<\/li>\n<li>Largura 160 mm<\/li>\n<li>Altura 360 mm<\/li>\n<\/ul>\n<p>c\u00f3digo: ROCAS0135<\/p>","protected":false},"featured_media":22153,"comment_status":"open","ping_status":"closed","template":"","meta":{"iawp_total_views":2},"product_brand":[220],"product_cat":[75],"product_tag":[],"class_list":{"0":"post-22146","1":"product","2":"type-product","3":"status-publish","4":"has-post-thumbnail","6":"product_brand-roca","7":"product_cat-sanitas-e-bide","9":"first","10":"instock","11":"shipping-taxable","12":"purchasable","13":"product-type-simple"},"aioseo_notices":[],"_links":{"self":[{"href":"https:\/\/bricoluanda.com\/en\/wp-json\/wp\/v2\/product\/22146","targetHints":{"allow":["GET"]}}],"collection":[{"href":"https:\/\/bricoluanda.com\/en\/wp-json\/wp\/v2\/product"}],"about":[{"href":"https:\/\/bricoluanda.com\/en\/wp-json\/wp\/v2\/types\/product"}],"replies":[{"embeddable":true,"href":"https:\/\/bricoluanda.com\/en\/wp-json\/wp\/v2\/comments?post=22146"}],"wp:featuredmedia":[{"embeddable":true,"href":"https:\/\/bricoluanda.com\/en\/wp-json\/wp\/v2\/media\/22153"}],"wp:attachment":[{"href":"https:\/\/bricoluanda.com\/en\/wp-json\/wp\/v2\/media?parent=22146"}],"wp:term":[{"taxonomy":"product_brand","embeddable":true,"href":"https:\/\/bricoluanda.com\/en\/wp-json\/wp\/v2\/product_brand?post=22146"},{"taxonomy":"product_cat","embeddable":true,"href":"https:\/\/bricoluanda.com\/en\/wp-json\/wp\/v2\/product_cat?post=22146"},{"taxonomy":"product_tag","embeddable":true,"href":"https:\/\/bricoluanda.com\/en\/wp-json\/wp\/v2\/product_tag?post=22146"}],"curies":[{"name":"wp","href":"https:\/\/api.w.org\/{rel}","templated":true}]}}