{"id":22120,"date":"2026-03-30T13:15:57","date_gmt":"2026-03-30T13:15:57","guid":{"rendered":"https:\/\/bricoluanda.com\/?post_type=product&#038;p=22120"},"modified":"2026-03-30T13:15:57","modified_gmt":"2026-03-30T13:15:57","slug":"the-gap-square-sanitatanquetampo-roca","status":"publish","type":"product","link":"https:\/\/bricoluanda.com\/en\/product\/the-gap-square-sanitatanquetampo-roca\/","title":{"rendered":"THE GAP SQUARE SANITA+TANQUE+TAMPO ROCA"},"content":{"rendered":"","protected":false},"excerpt":{"rendered":"<p>INCLUI SANITA+TANQUE+TAMPO<\/p>\n<ul>\n<li>Comprimento 365 mm<\/li>\n<li>Largura 650 mm<\/li>\n<li>Altura 790 mm<\/li>\n<li>Sanita de tanque baixo com sa\u00edda vertical.<\/li>\n<li>Forma: Quadrado<\/li>\n<li>Sistema de descarga: Arraste<\/li>\n<li>Tipo de instala\u00e7\u00e3o: De p\u00e9<\/li>\n<li>Tipo de sa\u00edda: Vertical<\/li>\n<\/ul>\n<p>c\u00f3digo: ROCAS0130\/131\/132<\/p>","protected":false},"featured_media":22128,"comment_status":"open","ping_status":"closed","template":"","meta":{"iawp_total_views":1},"product_brand":[220],"product_cat":[75],"product_tag":[],"class_list":{"0":"post-22120","1":"product","2":"type-product","3":"status-publish","4":"has-post-thumbnail","6":"product_brand-roca","7":"product_cat-sanitas-e-bide","9":"first","10":"instock","11":"shipping-taxable","12":"purchasable","13":"product-type-simple"},"aioseo_notices":[],"_links":{"self":[{"href":"https:\/\/bricoluanda.com\/en\/wp-json\/wp\/v2\/product\/22120","targetHints":{"allow":["GET"]}}],"collection":[{"href":"https:\/\/bricoluanda.com\/en\/wp-json\/wp\/v2\/product"}],"about":[{"href":"https:\/\/bricoluanda.com\/en\/wp-json\/wp\/v2\/types\/product"}],"replies":[{"embeddable":true,"href":"https:\/\/bricoluanda.com\/en\/wp-json\/wp\/v2\/comments?post=22120"}],"wp:featuredmedia":[{"embeddable":true,"href":"https:\/\/bricoluanda.com\/en\/wp-json\/wp\/v2\/media\/22128"}],"wp:attachment":[{"href":"https:\/\/bricoluanda.com\/en\/wp-json\/wp\/v2\/media?parent=22120"}],"wp:term":[{"taxonomy":"product_brand","embeddable":true,"href":"https:\/\/bricoluanda.com\/en\/wp-json\/wp\/v2\/product_brand?post=22120"},{"taxonomy":"product_cat","embeddable":true,"href":"https:\/\/bricoluanda.com\/en\/wp-json\/wp\/v2\/product_cat?post=22120"},{"taxonomy":"product_tag","embeddable":true,"href":"https:\/\/bricoluanda.com\/en\/wp-json\/wp\/v2\/product_tag?post=22120"}],"curies":[{"name":"wp","href":"https:\/\/api.w.org\/{rel}","templated":true}]}}