{"id":22116,"date":"2026-03-30T12:37:38","date_gmt":"2026-03-30T12:37:38","guid":{"rendered":"https:\/\/bricoluanda.com\/?post_type=product&#038;p=22116"},"modified":"2026-03-30T12:37:38","modified_gmt":"2026-03-30T12:37:38","slug":"smooth-lavatorio-100-branco-sanitana","status":"publish","type":"product","link":"https:\/\/bricoluanda.com\/en\/product\/smooth-lavatorio-100-branco-sanitana\/","title":{"rendered":"SMOOTH LAVAT\u00d3RIO 100 BRANCO SANITANA"},"content":{"rendered":"","protected":false},"excerpt":{"rendered":"<p><strong>SMOOTH LAVAT\u00d3RIO 100 BRANCO SANITANA<\/strong><\/p>\n<ul>\n<li>LAVAT\u00d3RIO EM SOLIDSURFACE PARA APLICA\u00c7\u00c3O MURAL<\/li>\n<li>DIMENS\u00d5ES 100&#215;53<\/li>\n<li>KIT DE FIXA\u00c7\u00c3O INCLUIDO<\/li>\n<li>N\u00c3O INCLUI O MONOCOMANDO<\/li>\n<\/ul>\n<p>c\u00f3digo:SANITANA0388<\/p>","protected":false},"featured_media":22117,"comment_status":"open","ping_status":"closed","template":"","meta":{"iawp_total_views":2},"product_brand":[215],"product_cat":[191],"product_tag":[],"class_list":{"0":"post-22116","1":"product","2":"type-product","3":"status-publish","4":"has-post-thumbnail","6":"product_brand-sanitana","7":"product_cat-lavatorios","9":"first","10":"instock","11":"sale","12":"shipping-taxable","13":"purchasable","14":"product-type-simple"},"aioseo_notices":[],"_links":{"self":[{"href":"https:\/\/bricoluanda.com\/en\/wp-json\/wp\/v2\/product\/22116","targetHints":{"allow":["GET"]}}],"collection":[{"href":"https:\/\/bricoluanda.com\/en\/wp-json\/wp\/v2\/product"}],"about":[{"href":"https:\/\/bricoluanda.com\/en\/wp-json\/wp\/v2\/types\/product"}],"replies":[{"embeddable":true,"href":"https:\/\/bricoluanda.com\/en\/wp-json\/wp\/v2\/comments?post=22116"}],"wp:featuredmedia":[{"embeddable":true,"href":"https:\/\/bricoluanda.com\/en\/wp-json\/wp\/v2\/media\/22117"}],"wp:attachment":[{"href":"https:\/\/bricoluanda.com\/en\/wp-json\/wp\/v2\/media?parent=22116"}],"wp:term":[{"taxonomy":"product_brand","embeddable":true,"href":"https:\/\/bricoluanda.com\/en\/wp-json\/wp\/v2\/product_brand?post=22116"},{"taxonomy":"product_cat","embeddable":true,"href":"https:\/\/bricoluanda.com\/en\/wp-json\/wp\/v2\/product_cat?post=22116"},{"taxonomy":"product_tag","embeddable":true,"href":"https:\/\/bricoluanda.com\/en\/wp-json\/wp\/v2\/product_tag?post=22116"}],"curies":[{"name":"wp","href":"https:\/\/api.w.org\/{rel}","templated":true}]}}