{"id":22112,"date":"2026-03-30T11:07:12","date_gmt":"2026-03-30T11:07:12","guid":{"rendered":"https:\/\/bricoluanda.com\/?post_type=product&#038;p=22112"},"modified":"2026-03-30T11:07:12","modified_gmt":"2026-03-30T11:07:12","slug":"unuk-espelho-80x60-sanitana","status":"publish","type":"product","link":"https:\/\/bricoluanda.com\/en\/product\/unuk-espelho-80x60-sanitana\/","title":{"rendered":"UNUK ESPELHO 80&#215;60 SANITANA"},"content":{"rendered":"","protected":false},"excerpt":{"rendered":"<p><strong>UNUK ESPELHO 80&#215;60<\/strong><\/p>\n<p>\u2022ESPELHO SIMPLES COM CANTO RECTOS<br \/>\n\u2022ESPESSURA DE\u00a0 4mm<br \/>\n\u2022ARESTAS BISSELADAS<br \/>\n\u2022POSSIBLIDADE DE APLICA\u00c7\u00c3O EM DUAS POSI\u00c7\u00d5ES: Horizontal + vertical<br \/>\n\u2022KIT DE FIXA\u00c7\u00c3O INCLUIDO<\/p>\n<p>c\u00f3digo:SATINATA0380<\/p>","protected":false},"featured_media":22114,"comment_status":"open","ping_status":"closed","template":"","meta":{"iawp_total_views":2},"product_brand":[215],"product_cat":[74],"product_tag":[],"class_list":{"0":"post-22112","1":"product","2":"type-product","3":"status-publish","4":"has-post-thumbnail","6":"product_brand-sanitana","7":"product_cat-acessorios-e-espacos-publicos","9":"first","10":"instock","11":"shipping-taxable","12":"purchasable","13":"product-type-simple"},"aioseo_notices":[],"_links":{"self":[{"href":"https:\/\/bricoluanda.com\/en\/wp-json\/wp\/v2\/product\/22112","targetHints":{"allow":["GET"]}}],"collection":[{"href":"https:\/\/bricoluanda.com\/en\/wp-json\/wp\/v2\/product"}],"about":[{"href":"https:\/\/bricoluanda.com\/en\/wp-json\/wp\/v2\/types\/product"}],"replies":[{"embeddable":true,"href":"https:\/\/bricoluanda.com\/en\/wp-json\/wp\/v2\/comments?post=22112"}],"wp:featuredmedia":[{"embeddable":true,"href":"https:\/\/bricoluanda.com\/en\/wp-json\/wp\/v2\/media\/22114"}],"wp:attachment":[{"href":"https:\/\/bricoluanda.com\/en\/wp-json\/wp\/v2\/media?parent=22112"}],"wp:term":[{"taxonomy":"product_brand","embeddable":true,"href":"https:\/\/bricoluanda.com\/en\/wp-json\/wp\/v2\/product_brand?post=22112"},{"taxonomy":"product_cat","embeddable":true,"href":"https:\/\/bricoluanda.com\/en\/wp-json\/wp\/v2\/product_cat?post=22112"},{"taxonomy":"product_tag","embeddable":true,"href":"https:\/\/bricoluanda.com\/en\/wp-json\/wp\/v2\/product_tag?post=22112"}],"curies":[{"name":"wp","href":"https:\/\/api.w.org\/{rel}","templated":true}]}}