{"id":22111,"date":"2026-03-30T10:19:08","date_gmt":"2026-03-30T10:19:08","guid":{"rendered":"https:\/\/bricoluanda.com\/?post_type=product&#038;p=22111"},"modified":"2026-03-30T15:04:47","modified_gmt":"2026-03-30T15:04:47","slug":"cabina-de-hidromassagem-smart-120x80-hd-direita-esquerda-sanitana","status":"publish","type":"product","link":"https:\/\/bricoluanda.com\/en\/product\/cabina-de-hidromassagem-smart-120x80-hd-direita-esquerda-sanitana\/","title":{"rendered":"SMART CABINE DE HIDROMASSAGEM 120&#215;80 HD DIREITA\/ESQUERDA SANITANA"},"content":{"rendered":"","protected":false},"excerpt":{"rendered":"<p><strong>SMART CABINE DE HIDROMASSAGEM SMART 120&#215;80 HD ESQUERDA<\/strong><\/p>\n<ul>\n<li>PULVERIZA\u00c7\u00c3O ( EFEITO BANHO TURCO )<\/li>\n<li>8 INJECTORES ORIENT\u00c1VEIS DE MASSAGEM: EFEITO CHUVA E PULSANTE<\/li>\n<li>MISTURADORA TERMOST\u00c1TICA E SELETOR DE 5 FUN\u00c7\u00d5ES<\/li>\n<li>CHUVEIRO SUPERIOR DE GRANDE DIMENS\u00d5ES E CHUVEIRO\u00a0 AUXILIAR DE M\u00c3O<\/li>\n<li>RESGUARDO DE PORTA CORREDI\u00c7AS COM VIDRO DE SEGURAN\u00c7A DE 6MM<\/li>\n<li>ESTANTE PORTA-OBJETOS<\/li>\n<li>PAIN\u00c9IS INTERIORES EM ALUM\u00cdNIO E PERFIS CROMADOS<\/li>\n<li>DIMENS\u00d5ES 120&#215;80<\/li>\n<\/ul>\n<p>c\u00f3digo: SANITANA0361<\/p>","protected":false},"featured_media":22110,"comment_status":"open","ping_status":"closed","template":"","meta":{"iawp_total_views":3},"product_brand":[215],"product_cat":[190],"product_tag":[],"class_list":{"0":"post-22111","1":"product","2":"type-product","3":"status-publish","4":"has-post-thumbnail","6":"product_brand-sanitana","7":"product_cat-banheiras-e-duche","9":"first","10":"instock","11":"sale","12":"shipping-taxable","13":"purchasable","14":"product-type-simple"},"aioseo_notices":[],"_links":{"self":[{"href":"https:\/\/bricoluanda.com\/en\/wp-json\/wp\/v2\/product\/22111","targetHints":{"allow":["GET"]}}],"collection":[{"href":"https:\/\/bricoluanda.com\/en\/wp-json\/wp\/v2\/product"}],"about":[{"href":"https:\/\/bricoluanda.com\/en\/wp-json\/wp\/v2\/types\/product"}],"replies":[{"embeddable":true,"href":"https:\/\/bricoluanda.com\/en\/wp-json\/wp\/v2\/comments?post=22111"}],"wp:featuredmedia":[{"embeddable":true,"href":"https:\/\/bricoluanda.com\/en\/wp-json\/wp\/v2\/media\/22110"}],"wp:attachment":[{"href":"https:\/\/bricoluanda.com\/en\/wp-json\/wp\/v2\/media?parent=22111"}],"wp:term":[{"taxonomy":"product_brand","embeddable":true,"href":"https:\/\/bricoluanda.com\/en\/wp-json\/wp\/v2\/product_brand?post=22111"},{"taxonomy":"product_cat","embeddable":true,"href":"https:\/\/bricoluanda.com\/en\/wp-json\/wp\/v2\/product_cat?post=22111"},{"taxonomy":"product_tag","embeddable":true,"href":"https:\/\/bricoluanda.com\/en\/wp-json\/wp\/v2\/product_tag?post=22111"}],"curies":[{"name":"wp","href":"https:\/\/api.w.org\/{rel}","templated":true}]}}