{"id":21912,"date":"2026-03-24T13:59:12","date_gmt":"2026-03-24T13:59:12","guid":{"rendered":"https:\/\/bricoluanda.com\/?post_type=product&#038;p=21912"},"modified":"2026-03-24T13:59:12","modified_gmt":"2026-03-24T13:59:12","slug":"ona-sanitatanquetampo-roca","status":"publish","type":"product","link":"https:\/\/bricoluanda.com\/en\/product\/ona-sanitatanquetampo-roca\/","title":{"rendered":"ONA SANITA+TANQUE+TAMPO ROCA"},"content":{"rendered":"","protected":false},"excerpt":{"rendered":"<ul>\n<li>Comprimento 370 mm<\/li>\n<li>Largura 600 mm<\/li>\n<li>Altura 785 mm<\/li>\n<li>Encostado \u00e0 parede<\/li>\n<li>Forma: Redonda<\/li>\n<li>Peso KG: 26<\/li>\n<li>Roca Rimless\u00ae<\/li>\n<li>Sistema de descarga: Arraste<\/li>\n<li>Tipo de instala\u00e7\u00e3o: De p\u00e9<\/li>\n<li>Tipo de sa\u00edda: Dual (vario)<\/li>\n<\/ul>\n<p>c\u00f3digo: ROCAS0146\/0147\/0148<\/p>","protected":false},"featured_media":21923,"comment_status":"open","ping_status":"closed","template":"","meta":{"iawp_total_views":9},"product_brand":[220],"product_cat":[75],"product_tag":[],"class_list":{"0":"post-21912","1":"product","2":"type-product","3":"status-publish","4":"has-post-thumbnail","6":"product_brand-roca","7":"product_cat-sanitas-e-bide","9":"first","10":"instock","11":"shipping-taxable","12":"purchasable","13":"product-type-simple"},"aioseo_notices":[],"_links":{"self":[{"href":"https:\/\/bricoluanda.com\/en\/wp-json\/wp\/v2\/product\/21912","targetHints":{"allow":["GET"]}}],"collection":[{"href":"https:\/\/bricoluanda.com\/en\/wp-json\/wp\/v2\/product"}],"about":[{"href":"https:\/\/bricoluanda.com\/en\/wp-json\/wp\/v2\/types\/product"}],"replies":[{"embeddable":true,"href":"https:\/\/bricoluanda.com\/en\/wp-json\/wp\/v2\/comments?post=21912"}],"wp:featuredmedia":[{"embeddable":true,"href":"https:\/\/bricoluanda.com\/en\/wp-json\/wp\/v2\/media\/21923"}],"wp:attachment":[{"href":"https:\/\/bricoluanda.com\/en\/wp-json\/wp\/v2\/media?parent=21912"}],"wp:term":[{"taxonomy":"product_brand","embeddable":true,"href":"https:\/\/bricoluanda.com\/en\/wp-json\/wp\/v2\/product_brand?post=21912"},{"taxonomy":"product_cat","embeddable":true,"href":"https:\/\/bricoluanda.com\/en\/wp-json\/wp\/v2\/product_cat?post=21912"},{"taxonomy":"product_tag","embeddable":true,"href":"https:\/\/bricoluanda.com\/en\/wp-json\/wp\/v2\/product_tag?post=21912"}],"curies":[{"name":"wp","href":"https:\/\/api.w.org\/{rel}","templated":true}]}}